{"id":653,"date":"2015-12-24T07:47:27","date_gmt":"2015-12-24T07:47:27","guid":{"rendered":"http:\/\/www.woodstickmachine.com\/pt-br\/?page_id=653"},"modified":"2015-12-24T07:49:32","modified_gmt":"2015-12-24T07:49:32","slug":"cafe-agitador-linha-de-producao","status":"publish","type":"page","link":"https:\/\/www.woodstickmachine.com\/pt-br\/servico\/cafe-agitador-linha-de-producao\/","title":{"rendered":"Caf\u00e9 Agitador Linha de Produ\u00e7\u00e3o"},"content":{"rendered":"<p><br \/>\n [\/ av_slide]<br \/>\n[ av_slide id = &#8216;100&#8217; slide_type = &#8221; video = &#8216;http: \/\/&#8217; mobile_image = &#8221; video_ratio = &#8217;16: 9 &#8216;video_controls =&#8217; &#8216;video_mute =&#8217; &#8216;video_loop =&#8217; &#8216;video_autoplay =&#8217; &#8216;title =&#8217; &#8216;link_apply = &#8221; link = &#8221; link_target = &#8221;] [\/ av_slide]<br \/>\n [\/ av_slide]<br \/>\n[\/ av_slideshow]<\/p>\n\n<style type=\"text\/css\" data-created_by=\"avia_inline_auto\" id=\"style-css-av-av_one_full-febcad7cd3e725951745c6732e8057e0\">\n#top .flex_column.av-av_one_full-febcad7cd3e725951745c6732e8057e0{\nmargin-top:0px;\nmargin-bottom: -50px 'padding =;\n}\n.responsive #top #wrap_all .flex_column.av-av_one_full-febcad7cd3e725951745c6732e8057e0{\nmargin-top:0px;\nmargin-bottom: -50px 'padding =;\n}\n<\/style>\n<div  class='flex_column av-av_one_full-febcad7cd3e725951745c6732e8057e0 av_one_full  avia-builder-el-1  el_after_av_slideshow  el_before_av_heading  first flex_column_div  '     ><\/div>\n<p>\n<style type=\"text\/css\" data-created_by=\"avia_inline_auto\" id=\"style-css-av-av_heading-e0d8b2bfc44f5e122634eae3c1b164de\">\n#top .av-special-heading.av-av_heading-e0d8b2bfc44f5e122634eae3c1b164de{\npadding-bottom:0;\n}\nbody .av-special-heading.av-av_heading-e0d8b2bfc44f5e122634eae3c1b164de .av-special-heading-tag .heading-char{\nfont-size:25px;\n}\n.av-special-heading.av-av_heading-e0d8b2bfc44f5e122634eae3c1b164de .av-subheading{\nfont-size:15px;\n}\n<\/style>\n<div  class='av-special-heading av-av_heading-e0d8b2bfc44f5e122634eae3c1b164de av-special-heading-h2 blockquote modern-quote  avia-builder-el-2  el_after_av_one_full  el_before_av_hr '><h2 class='av-special-heading-tag '  itemprop=\"headline\"  >Coffee Stirrer Production Line<\/h2><div class=\"special-heading-border\"><div class=\"special-heading-inner-border\"><\/div><\/div><\/div> [\/ av_heading]<\/p>\n\n<style type=\"text\/css\" data-created_by=\"avia_inline_auto\" id=\"style-css-av-av_hr-200b134e9b9d603d02a7c808798ff904\">\n#top .hr.av-av_hr-200b134e9b9d603d02a7c808798ff904{\nmargin-top:30px;\nmargin-bottom:30px;\n}\n.hr.av-av_hr-200b134e9b9d603d02a7c808798ff904 .hr-inner{\nwidth:30%;\n}\n<\/style>\n<div  class='hr av-av_hr-200b134e9b9d603d02a7c808798ff904 hr-custom  avia-builder-el-3  el_after_av_heading  el_before_av_one_half  hr-center hr-icon-no'><span class='hr-inner inner-border-thin'><span class=\"hr-inner-style\"><\/span><\/span><\/div>\n<p>[\/ av_one_full] \n<style type=\"text\/css\" data-created_by=\"avia_inline_auto\" id=\"style-css-av-av_one_half-418d42e2b7f887c4ad73d1ff77c7adff\">\n.flex_column.av-av_one_half-418d42e2b7f887c4ad73d1ff77c7adff{\nwidth:47%;\nborder-radius:0px 0px 0px 0px;\n}\n<\/style>\n<div  class='flex_column av-av_one_half-418d42e2b7f887c4ad73d1ff77c7adff av_one_half  avia-builder-el-4  el_after_av_hr  el_before_av_one_half  first flex_column_div av-animated-generic bottom-to-top  '     ><\/div><br \/>\n[size = av_textblock &#8221; font_color = &#8221; color = &#8221;]<br \/>\nLorem ipsum dolor sit amet, consectetuer adipiscing elit. Commodo eget dolor Aenean ligula. Mass Aenean. Cum sociis natoque penatibus et magnis dis parturient mountains, nascetur ridiculus mus.<\/p>\n<p>Donec felis quam, <strong>ultricies<\/strong> nec, Pellentesque I wanted pretium without. Nulla consequat mass wanted enim.<br \/>\n[\/ Av_textblock]<br \/>\n[\/ av_one_half]<\/p>\n<p>\n<style type=\"text\/css\" data-created_by=\"avia_inline_auto\" id=\"style-css-av-av_one_half-d062a74abad1b164ea22677193877c43\">\n.flex_column.av-av_one_half-d062a74abad1b164ea22677193877c43{\nwidth:47%;\nmargin-left:6%;\n}\n<\/style>\n<div  class='flex_column av-av_one_half-d062a74abad1b164ea22677193877c43 av_one_half  avia-builder-el-5  el_after_av_one_half  el_before_av_textblock  flex_column_div  '     ><\/div><br \/>\n<section  class='av_textblock_section av-av_textblock-0366cc7376be6c9e82a3e9cc8987b64f '   itemscope=\"itemscope\" itemtype=\"https:\/\/schema.org\/CreativeWork\" ><div class='avia_textblock'  itemprop=\"text\" ><\/div><\/section><br \/>\nDonec felis quam nec ultricies, <strong>Pellentesque<\/strong> I wanted pretium without. Nulla consequat mass wanted enim.<\/p>\n<p>Lorem ipsum dolor sit amet, consectetuer adipiscing elit. Commodo eget dolor Aenean ligula. Mass Aenean. Cum sociis natoque penatibus et magnis dis parturient mountains, nascetur ridiculus mus.<br \/>\n[\/ Av_textblock]<br \/>\n[\/ av_one_half]<\/p>\n<p>\n<style type=\"text\/css\" data-created_by=\"avia_inline_auto\" id=\"style-css-av-av_one_full-827ae66d0600b1730fa41f87bcb9c9ca\">\n.flex_column.av-av_one_full-827ae66d0600b1730fa41f87bcb9c9ca{\nwidth:100%;\n}\n<\/style>\n<div  class='flex_column av-av_one_full-827ae66d0600b1730fa41f87bcb9c9ca av_one_full  avia-builder-el-7  el_after_av_textblock  el_before_av_toggle_container  first flex_column_div av-animated-generic bottom-to-top  column-top-margin'     ><\/div><br \/>\n<div  class='togglecontainer av-av_toggle_container-58d3b55d78679e2c4a6f7b2e625e97f8  avia-builder-el-8  el_after_av_one_full  el_before_av_one_half  toggle_close_all' ><\/div><br \/>\n<br \/>\nLorem ipsum dolor sit amet, consectetuer adipiscing elit. Commodo eget dolor Aenean ligula. Mass Aenean. Cum sociis natoque penatibus et magnis dis parturient mountains, nascetur ridiculus mus. Donec felis quam, ultricies nec, Pellentesque I wanted pretium without. Nulla consequat mass wanted enim.<\/p>\n<p>Donec asks fair, fringilla level, aliquet nec, vulputate eget, arcu. In enim fair, ut rhoncus, the imperdiet, venenatis vitae, fair. Nullam dictum felis I ask mollis pretium. Integer tincidunt. Cras dapibus. Vivamus elementum always nisi. Aenean vulputate eleifend tellus. Aenean leo ligula, porttitor I vitae consequat, eleifend ac, enim. Aliquam ipsum ante dapibus in, viverra wanted, feugiat to, tellus.<br \/>\n[\/ Av_toggle]<br \/>\n<br \/>\nDonec asks fair, fringilla level, aliquet nec, vulputate eget, arcu. In enim fair, ut rhoncus, the imperdiet, venenatis vitae, fair. <strong>Nullam<\/strong> dictum felis I ask mollis pretium. Integer tincidunt. Cras dapibus. Vivamus elementum always nisi. Aenean vulputate eleifend tellus. Aenean leo ligula, porttitor I vitae consequat, eleifend ac, enim. Aliquam ipsum ante dapibus in, viverra wanted, feugiat to, tellus.<\/p>\n<p>Lorem ipsum dolor sit amet, consectetuer adipiscing elit. Commodo eget dolor Aenean ligula. Mass Aenean. Cum sociis natoque penatibus et <strong>magnis<\/strong> dis parturient mountains, nascetur ridiculus mus. Donec felis quam, ultricies nec, Pellentesque I wanted pretium without. Nulla consequat mass wanted enim.<br \/>\n[\/ Av_toggle]<br \/>\n<br \/>\nAenean vulputate eleifend tellus. Aenean leo ligula, porttitor I vitae consequat, eleifend ac, enim. Aliquam ipsum ante dapibus in, viverra wanted, feugiat to, tellus. Lorem ipsum dolor sit amet, consectetuer adipiscing elit. Commodo eget dolor Aenean ligula. Mass Aenean. Cum sociis natoque penatibus et magnis dis parturient mountains, nascetur <strong>ridiculus<\/strong> mus. Donec quam felis felis ultricidictum I ask mollis pretium. Integer tincidunt. Cras dapibus. Vivamus elementum always nisi. [\/ Av_toggle] [\/ av_toggle_container] [\/ av_one_full]<\/p>\n<p>\n<style type=\"text\/css\" data-created_by=\"avia_inline_auto\" id=\"style-css-av-av_one_half-827ae66d0600b1730fa41f87bcb9c9ca\">\n.flex_column.av-av_one_half-827ae66d0600b1730fa41f87bcb9c9ca{\nwidth:47%;\n}\n<\/style>\n<div  class='flex_column av-av_one_half-827ae66d0600b1730fa41f87bcb9c9ca av_one_half  avia-builder-el-9  el_after_av_toggle_container  el_before_av_heading  first flex_column_div av-animated-generic bottom-to-top  '     ><\/div><br \/>\n\n<style type=\"text\/css\" data-created_by=\"avia_inline_auto\" id=\"style-css-av-av_heading-2656f47ec3d3762ea26ce8a2a0d90614\">\n#top .av-special-heading.av-av_heading-2656f47ec3d3762ea26ce8a2a0d90614{\npadding-bottom:0;\n}\nbody .av-special-heading.av-av_heading-2656f47ec3d3762ea26ce8a2a0d90614 .av-special-heading-tag .heading-char{\nfont-size:25px;\n}\n.av-special-heading.av-av_heading-2656f47ec3d3762ea26ce8a2a0d90614 .av-subheading{\nfont-size:15px;\n}\n<\/style>\n<div  class='av-special-heading av-av_heading-2656f47ec3d3762ea26ce8a2a0d90614 av-special-heading-h2 blockquote modern-quote  avia-builder-el-10  el_after_av_one_half  el_before_av_hr '><h2 class='av-special-heading-tag '  itemprop=\"headline\"  >Great For You<\/h2><div class=\"special-heading-border\"><div class=\"special-heading-inner-border\"><\/div><\/div><\/div> [\/ av_heading]<\/p>\n\n<style type=\"text\/css\" data-created_by=\"avia_inline_auto\" id=\"style-css-av-av_hr-200b134e9b9d603d02a7c808798ff904\">\n#top .hr.av-av_hr-200b134e9b9d603d02a7c808798ff904{\nmargin-top:30px;\nmargin-bottom:30px;\n}\n.hr.av-av_hr-200b134e9b9d603d02a7c808798ff904 .hr-inner{\nwidth:30%;\n}\n<\/style>\n<div  class='hr av-av_hr-200b134e9b9d603d02a7c808798ff904 hr-custom  avia-builder-el-11  el_after_av_heading  el_before_av_textblock  hr-center hr-icon-no'><span class='hr-inner inner-border-thin'><span class=\"hr-inner-style\"><\/span><\/span><\/div>\n<p><section  class='av_textblock_section av-av_textblock-0366cc7376be6c9e82a3e9cc8987b64f '   itemscope=\"itemscope\" itemtype=\"https:\/\/schema.org\/CreativeWork\" ><div class='avia_textblock'  itemprop=\"text\" ><\/div><\/section><br \/>\nDonec felis quam nec ultricies, <strong>Pellentesque<\/strong> I wanted pretium without. Nulla consequat mass wanted enim.<\/p>\n<p>Lorem ipsum dolor sit amet, consectetuer adipiscing elit. Commodo eget dolor Aenean ligula. Mass Aenean. Cum sociis natoque penatibus et magnis dis parturient mountains, nascetur ridiculus mus.<br \/>\n[\/ Av_textblock]<br \/>\n[\/ av_one_half]<\/p>\n<p>\n<style type=\"text\/css\" data-created_by=\"avia_inline_auto\" id=\"style-css-av-av_one_half-d062a74abad1b164ea22677193877c43\">\n.flex_column.av-av_one_half-d062a74abad1b164ea22677193877c43{\nwidth:47%;\nmargin-left:6%;\n}\n<\/style>\n<div  class='flex_column av-av_one_half-d062a74abad1b164ea22677193877c43 av_one_half  avia-builder-el-13  el_after_av_textblock  el_before_av_image  flex_column_div  '     ><\/div><br \/>\n\n<style type=\"text\/css\" data-created_by=\"avia_inline_auto\" id=\"style-css-av-av_image-f5de951f18acdefdbd5a3e89bdf4debf\">\n.avia-image-container.av-av_image-f5de951f18acdefdbd5a3e89bdf4debf img.avia_image{\nbox-shadow:none;\n}\n.avia-image-container.av-av_image-f5de951f18acdefdbd5a3e89bdf4debf .av-image-caption-overlay-center{\ncolor:#ffffff;\n}\n<\/style>\n<div  class='avia-image-container av-av_image-f5de951f18acdefdbd5a3e89bdf4debf av-styling-no-styling avia-align-center  avia-builder-el-14  el_after_av_one_half  el_before_av_one_full '   itemprop=\"image\" itemscope=\"itemscope\" itemtype=\"https:\/\/schema.org\/ImageObject\" ><div class=\"avia-image-container-inner\"><div class=\"avia-image-overlay-wrap\"><img decoding=\"async\" fetchpriority=\"high\" class='wp-image-104 avia-img-lazy-loading-not-104 avia_image ' src=\"https:\/\/www.woodstickmachine.com\/wp-content\/uploads\/2015\/10\/house-mansion-845x684.jpg\" alt='' title='Mansion'  height=\"684\" width=\"845\"  itemprop=\"thumbnailUrl\" srcset=\"https:\/\/www.woodstickmachine.com\/wp-content\/uploads\/2015\/10\/house-mansion-845x684.jpg 845w, https:\/\/www.woodstickmachine.com\/wp-content\/uploads\/2015\/10\/house-mansion-495x400.jpg 495w\" sizes=\"(max-width: 845px) 100vw, 845px\" \/><\/div><\/div><\/div> [\/ av_image]<br \/>\n[\/ av_one_half]<\/p>\n<p>\n<style type=\"text\/css\" data-created_by=\"avia_inline_auto\" id=\"style-css-av-av_one_full-41f66fbd710c24329a162d4aac1c7be2\">\n.flex_column.av-av_one_full-41f66fbd710c24329a162d4aac1c7be2{\nwidth:100%;\n}\n<\/style>\n<div  class='flex_column av-av_one_full-41f66fbd710c24329a162d4aac1c7be2 av_one_full  avia-builder-el-15  el_after_av_image  avia-builder-el-last  first flex_column_div  '     ><\/div><br \/>\n[size = av_textblock&#8217; &#8216;font_color =&#8217; &#8216;color =&#8217; &#8216;]<br \/>\nLorem ipsum dolor sit amet, consectetuer adipiscing elit. Commodo eget dolor Aenean ligula. Mass Aenean. Cum sociis natoque penatibus et magnis dis parturient mountains, nascetur ridiculus mus.<\/p>\n<p>Donec felis quam, <strong>ultricies<\/strong> nec, Pellentesque I wanted pretium without. Nulla consequat mass wanted enim.<br \/>\n[\/ Av_textblock]<br \/>\n[\/ av_one_full]<\/p>\n","protected":false},"excerpt":{"rendered":"<p>[\/ av_slide] [ av_slide id = &#8216;100&#8217; slide_type = &#8221; video = &#8216;http: \/\/&#8217; mobile_image = &#8221; video_ratio = &#8217;16: 9 &#8216;video_controls =&#8217; &#8216;video_mute =&#8217; &#8216;video_loop =&#8217; &#8216;video_autoplay =&#8217; &#8216;title =&#8217; &#8216;link_apply = &#8221; link = &#8221; link_target = &#8221;] [\/ av_slide] [\/ av_slide] [\/ av_slideshow] [\/ av_heading] [\/ av_one_full] [size = av_textblock &#8221; font_color [&hellip;]<\/p>\n","protected":false},"author":2,"featured_media":0,"parent":645,"menu_order":0,"comment_status":"closed","ping_status":"closed","template":"","meta":{"footnotes":""},"class_list":["post-653","page","type-page","status-publish","hentry"],"aioseo_notices":[],"_links":{"self":[{"href":"https:\/\/www.woodstickmachine.com\/pt-br\/wp-json\/wp\/v2\/pages\/653","targetHints":{"allow":["GET"]}}],"collection":[{"href":"https:\/\/www.woodstickmachine.com\/pt-br\/wp-json\/wp\/v2\/pages"}],"about":[{"href":"https:\/\/www.woodstickmachine.com\/pt-br\/wp-json\/wp\/v2\/types\/page"}],"author":[{"embeddable":true,"href":"https:\/\/www.woodstickmachine.com\/pt-br\/wp-json\/wp\/v2\/users\/2"}],"replies":[{"embeddable":true,"href":"https:\/\/www.woodstickmachine.com\/pt-br\/wp-json\/wp\/v2\/comments?post=653"}],"version-history":[{"count":0,"href":"https:\/\/www.woodstickmachine.com\/pt-br\/wp-json\/wp\/v2\/pages\/653\/revisions"}],"up":[{"embeddable":true,"href":"https:\/\/www.woodstickmachine.com\/pt-br\/wp-json\/wp\/v2\/pages\/645"}],"wp:attachment":[{"href":"https:\/\/www.woodstickmachine.com\/pt-br\/wp-json\/wp\/v2\/media?parent=653"}],"curies":[{"name":"wp","href":"https:\/\/api.w.org\/{rel}","templated":true}]}}