{"id":612,"date":"2015-12-24T07:01:50","date_gmt":"2015-12-24T07:01:50","guid":{"rendered":"http:\/\/www.woodstickmachine.com\/pt-br\/?page_id=612"},"modified":"2015-12-24T07:01:50","modified_gmt":"2015-12-24T07:01:50","slug":"tongue-depressor-maquina-de-fazer","status":"publish","type":"page","link":"https:\/\/www.woodstickmachine.com\/pt-br\/produtos\/tongue-depressor-maquina-de-fazer\/","title":{"rendered":"Tongue Depressor M\u00e1quina de Fazer"},"content":{"rendered":"\n<style type=\"text\/css\" data-created_by=\"avia_inline_auto\" id=\"style-css-av-av_one_full-9497bbf8bff73ea4c6992cc17fa9ec36\">\n.flex_column.av-av_one_full-9497bbf8bff73ea4c6992cc17fa9ec36{\nborder-radius:0px 0px 0px 0px;\npadding:0px 0px 0px 0px;\n}\n<\/style>\n<div  class='flex_column av-av_one_full-9497bbf8bff73ea4c6992cc17fa9ec36 av_one_full  avia-builder-el-0  avia-builder-el-no-sibling  first flex_column_div av-zero-column-padding  '     ><div  id=\"av-sc-portfolio-1\"  class=\"av-portfolio-grid-sorting-container\"><div class='sort_width_container  av-sort-yes' data-portfolio-id='1' ><div id='js_sort_items' ><div class='sort_by_cat hidden'><a href=\"#\" data-filter=\"all_sort\" class=\"all_sort_button active_sort\"><span class=\"inner_sort_button\"><span>Todos<\/span><small class=\"av-cat-count\"> 1 <\/small><\/span><\/a><span class=\"text-sep tongue-maquina-depressor_sort_sep\">\/<\/span><a href=\"#\" data-filter=\"tongue-maquina-depressor_sort\" class=\"tongue-maquina-depressor_sort_button\" ><span class=\"inner_sort_button\"><span>Tongue M\u00e1quina Depressor<\/span><small class=\"av-cat-count\"> 1 <\/small><\/span><\/a><\/div><\/div><\/div><div  class=' grid-sort-container isotope   no_margin-container with-excerpt-container grid-total-odd grid-col-4 grid-links-' data-portfolio-id='1'><div data-ajax-id='950' class=' grid-entry flex_column isotope-item all_sort no_margin post-entry post-entry-950 grid-entry-overview grid-loop-1 grid-parity-odd  post-entry-last  produtos-em-destaque_sort tongue-maquina-depressor_sort  av_one_fourth first default_av_fullwidth '><article class='main_color inner-entry'  itemscope=\"itemscope\" itemtype=\"https:\/\/schema.org\/CreativeWork\" ><a href=\"https:\/\/www.woodstickmachine.com\/pt-br\/portfolio-item\/quatro-side-vedacao-tongue-depressor-maquina-de-embalagem\/\" title='Quatro Side veda\u00e7\u00e3o Tongue Depressor m\u00e1quina de embalagem'  data-rel='grid-1' class='grid-image avia-hover-fx'> <img decoding=\"async\" fetchpriority=\"high\" width=\"260\" height=\"185\" src=\"https:\/\/www.woodstickmachine.com\/wp-content\/uploads\/2015\/12\/Automatic-Tongue-Depressor-Four-Side-Sealing-Packing-Machine-260x185.jpg?v=1712027401\" class=\"wp-image-445 avia-img-lazy-loading-not-445 attachment-portfolio_small size-portfolio_small wp-post-image\" alt=\"Automatic-Tongue-Depressor-Four-Side-Sealing-Packing-Machine\" \/><\/a><div class='grid-content'><div class='avia-arrow'><\/div><header class=\"entry-content-header\" aria-label=\"Portfolio: Quatro Side veda\u00e7\u00e3o Tongue Depressor m\u00e1quina de embalagem\"><h3 class='grid-entry-title entry-title '  itemprop=\"headline\" ><a href='https:\/\/www.woodstickmachine.com\/pt-br\/portfolio-item\/quatro-side-vedacao-tongue-depressor-maquina-de-embalagem\/' title='Quatro Side veda\u00e7\u00e3o Tongue Depressor m\u00e1quina de embalagem'>Quatro Side veda\u00e7\u00e3o Tongue Depressor m\u00e1quina de embalagem<\/a><\/h3><\/header><\/div><footer class=\"entry-footer\"><\/footer><\/article><\/div><\/div><\/div>   <!--   class=\"av-portfolio-grid-sorting-container\"  --><\/div>\n","protected":false},"excerpt":{"rendered":"","protected":false},"author":2,"featured_media":0,"parent":732,"menu_order":0,"comment_status":"closed","ping_status":"closed","template":"","meta":{"footnotes":""},"class_list":["post-612","page","type-page","status-publish","hentry"],"aioseo_notices":[],"_links":{"self":[{"href":"https:\/\/www.woodstickmachine.com\/pt-br\/wp-json\/wp\/v2\/pages\/612","targetHints":{"allow":["GET"]}}],"collection":[{"href":"https:\/\/www.woodstickmachine.com\/pt-br\/wp-json\/wp\/v2\/pages"}],"about":[{"href":"https:\/\/www.woodstickmachine.com\/pt-br\/wp-json\/wp\/v2\/types\/page"}],"author":[{"embeddable":true,"href":"https:\/\/www.woodstickmachine.com\/pt-br\/wp-json\/wp\/v2\/users\/2"}],"replies":[{"embeddable":true,"href":"https:\/\/www.woodstickmachine.com\/pt-br\/wp-json\/wp\/v2\/comments?post=612"}],"version-history":[{"count":0,"href":"https:\/\/www.woodstickmachine.com\/pt-br\/wp-json\/wp\/v2\/pages\/612\/revisions"}],"up":[{"embeddable":true,"href":"https:\/\/www.woodstickmachine.com\/pt-br\/wp-json\/wp\/v2\/pages\/732"}],"wp:attachment":[{"href":"https:\/\/www.woodstickmachine.com\/pt-br\/wp-json\/wp\/v2\/media?parent=612"}],"curies":[{"name":"wp","href":"https:\/\/api.w.org\/{rel}","templated":true}]}}