{"id":593,"date":"2015-12-24T06:52:29","date_gmt":"2015-12-24T06:52:29","guid":{"rendered":"http:\/\/www.woodstickmachine.com\/pt-br\/?page_id=593"},"modified":"2015-12-24T06:52:29","modified_gmt":"2015-12-24T06:52:29","slug":"ice-sticks-creme-maquina","status":"publish","type":"page","link":"https:\/\/www.woodstickmachine.com\/pt-br\/produtos\/ice-sticks-creme-maquina\/","title":{"rendered":"Ice Sticks creme M\u00e1quina"},"content":{"rendered":"\n<style type=\"text\/css\" data-created_by=\"avia_inline_auto\" id=\"style-css-av-av_one_full-9497bbf8bff73ea4c6992cc17fa9ec36\">\n.flex_column.av-av_one_full-9497bbf8bff73ea4c6992cc17fa9ec36{\nborder-radius:0px 0px 0px 0px;\npadding:0px 0px 0px 0px;\n}\n<\/style>\n<div  class='flex_column av-av_one_full-9497bbf8bff73ea4c6992cc17fa9ec36 av_one_full  avia-builder-el-0  avia-builder-el-no-sibling  first flex_column_div av-zero-column-padding  '     ><div  id=\"av-sc-portfolio-1\"  class=\"av-portfolio-grid-sorting-container\"><div class='sort_width_container  av-sort-yes' data-portfolio-id='1' ><div id='js_sort_items' ><div class='sort_by_cat hidden'><a href=\"#\" data-filter=\"all_sort\" class=\"all_sort_button active_sort\"><span class=\"inner_sort_button\"><span>Todos<\/span><small class=\"av-cat-count\"> 12 <\/small><\/span><\/a><span class=\"text-sep ice-sticks-creme-maquina_sort_sep\">\/<\/span><a href=\"#\" data-filter=\"ice-sticks-creme-maquina_sort\" class=\"ice-sticks-creme-maquina_sort_button\" ><span class=\"inner_sort_button\"><span>Ice Sticks creme M\u00e1quina<\/span><small class=\"av-cat-count\"> 12 <\/small><\/span><\/a><\/div><\/div><\/div><div  class=' grid-sort-container isotope   no_margin-container with-excerpt-container grid-total-even grid-col-3 grid-links-' data-portfolio-id='1'><div data-ajax-id='984' class=' grid-entry flex_column isotope-item all_sort no_margin post-entry post-entry-984 grid-entry-overview grid-loop-1 grid-parity-odd  ice-sticks-creme-maquina_sort  av_one_third first default_av_fullwidth '><article class='main_color inner-entry'  itemscope=\"itemscope\" itemtype=\"https:\/\/schema.org\/CreativeWork\" ><a href=\"https:\/\/www.woodstickmachine.com\/pt-br\/portfolio-item\/hopper-feeder-ice-cream-sticks-maquina-de-branding\/\" title='Hopper Feeder Ice Cream Sticks M\u00e1quina de Branding'  data-rel='grid-1' class='grid-image avia-hover-fx'> <img decoding=\"async\" fetchpriority=\"high\" width=\"495\" height=\"400\" src=\"https:\/\/www.woodstickmachine.com\/wp-content\/uploads\/2015\/12\/Hopper-Feeder-Ice-Cream-Sticks-Branding-Machine-495x400.jpg\" class=\"wp-image-547 avia-img-lazy-loading-not-547 attachment-portfolio size-portfolio wp-post-image\" alt=\"Hopper-Feeder-Ice-Cream-Sticks-Branding-Machine\" \/><\/a><div class='grid-content'><div class='avia-arrow'><\/div><header class=\"entry-content-header\" aria-label=\"Portfolio: Hopper Feeder Ice Cream Sticks M\u00e1quina de Branding\"><h3 class='grid-entry-title entry-title '  itemprop=\"headline\" ><a href='https:\/\/www.woodstickmachine.com\/pt-br\/portfolio-item\/hopper-feeder-ice-cream-sticks-maquina-de-branding\/' title='Hopper Feeder Ice Cream Sticks M\u00e1quina de Branding'>Hopper Feeder Ice Cream Sticks M\u00e1quina de Branding<\/a><\/h3><\/header><\/div><footer class=\"entry-footer\"><\/footer><\/article><\/div><div data-ajax-id='917' class=' grid-entry flex_column isotope-item all_sort no_margin post-entry post-entry-917 grid-entry-overview grid-loop-2 grid-parity-even  ice-sticks-creme-maquina_sort  av_one_third  default_av_fullwidth '><article class='main_color inner-entry'  itemscope=\"itemscope\" itemtype=\"https:\/\/schema.org\/CreativeWork\" ><a href=\"https:\/\/www.woodstickmachine.com\/pt-br\/portfolio-item\/ice-cream-sticks-carton-maquina-de-enchimento\/\" title='Ice Cream Sticks Carton m\u00e1quina de enchimento'  data-rel='grid-1' class='grid-image avia-hover-fx'> <img decoding=\"async\" fetchpriority=\"high\" width=\"495\" height=\"400\" src=\"https:\/\/www.woodstickmachine.com\/wp-content\/uploads\/2015\/12\/Ice-Cream-Sticks-Box-Filling-Machine1-495x400.jpg?v=1712027404\" class=\"wp-image-447 avia-img-lazy-loading-not-447 attachment-portfolio size-portfolio wp-post-image\" alt=\"Ice-Cream-Sticks-Box-Filling-Machine\" \/><\/a><div class='grid-content'><div class='avia-arrow'><\/div><header class=\"entry-content-header\" aria-label=\"Portfolio: Ice Cream Sticks Carton m\u00e1quina de enchimento\"><h3 class='grid-entry-title entry-title '  itemprop=\"headline\" ><a href='https:\/\/www.woodstickmachine.com\/pt-br\/portfolio-item\/ice-cream-sticks-carton-maquina-de-enchimento\/' title='Ice Cream Sticks Carton m\u00e1quina de enchimento'>Ice Cream Sticks Carton m\u00e1quina de enchimento<\/a><\/h3><\/header><\/div><footer class=\"entry-footer\"><\/footer><\/article><\/div><div data-ajax-id='913' class=' grid-entry flex_column isotope-item all_sort no_margin post-entry post-entry-913 grid-entry-overview grid-loop-3 grid-parity-odd  ice-sticks-creme-maquina_sort produtos-em-destaque_sort  av_one_third  default_av_fullwidth '><article class='main_color inner-entry'  itemscope=\"itemscope\" itemtype=\"https:\/\/schema.org\/CreativeWork\" ><a href=\"https:\/\/www.woodstickmachine.com\/pt-br\/portfolio-item\/ice-cream-sticks-polimento-dust-maquina-de-remocao\/\" title='Ice Cream Sticks Polimento &#038; Dust M\u00e1quina de Remo\u00e7\u00e3o'  data-rel='grid-1' class='grid-image avia-hover-fx'> <img decoding=\"async\" fetchpriority=\"high\" width=\"495\" height=\"400\" src=\"https:\/\/www.woodstickmachine.com\/wp-content\/uploads\/2015\/12\/Ice-Cream-Sticks-Polishing-Dust-Removing-Machine-495x400.jpg?v=1712027420\" class=\"wp-image-350 avia-img-lazy-loading-not-350 attachment-portfolio size-portfolio wp-post-image\" alt=\"Ice-Cream-Sticks-Polishing-Dust-Removing-Machine\" \/><\/a><div class='grid-content'><div class='avia-arrow'><\/div><header class=\"entry-content-header\" aria-label=\"Portfolio: Ice Cream Sticks Polimento &#038; Dust M\u00e1quina de Remo\u00e7\u00e3o\"><h3 class='grid-entry-title entry-title '  itemprop=\"headline\" ><a href='https:\/\/www.woodstickmachine.com\/pt-br\/portfolio-item\/ice-cream-sticks-polimento-dust-maquina-de-remocao\/' title='Ice Cream Sticks Polimento &#038; Dust M\u00e1quina de Remo\u00e7\u00e3o'>Ice Cream Sticks Polimento &#038; Dust M\u00e1quina de Remo\u00e7\u00e3o<\/a><\/h3><\/header><\/div><footer class=\"entry-footer\"><\/footer><\/article><\/div><div data-ajax-id='909' class=' grid-entry flex_column isotope-item all_sort no_margin post-entry post-entry-909 grid-entry-overview grid-loop-4 grid-parity-even  ice-sticks-creme-maquina_sort produtos-em-destaque_sort  av_one_third first default_av_fullwidth '><article class='main_color inner-entry'  itemscope=\"itemscope\" itemtype=\"https:\/\/schema.org\/CreativeWork\" ><a href=\"https:\/\/www.woodstickmachine.com\/pt-br\/portfolio-item\/roda-tipo-ice-cream-sticks-maquina-selecao-visual\/\" title='Roda Tipo Ice Cream Sticks M\u00e1quina Sele\u00e7\u00e3o Visual'  data-rel='grid-1' class='grid-image avia-hover-fx'> <img decoding=\"async\" fetchpriority=\"high\" width=\"495\" height=\"400\" src=\"https:\/\/www.woodstickmachine.com\/wp-content\/uploads\/2015\/12\/Ice-Cream-Sticks-Vision-Selecting-Machine-495x400.jpg?v=1712027422\" class=\"wp-image-349 avia-img-lazy-loading-not-349 attachment-portfolio size-portfolio wp-post-image\" alt=\"Ice-Cream-Sticks-Vision-Selecting-Machine\" \/><\/a><div class='grid-content'><div class='avia-arrow'><\/div><header class=\"entry-content-header\" aria-label=\"Portfolio: Roda Tipo Ice Cream Sticks M\u00e1quina Sele\u00e7\u00e3o Visual\"><h3 class='grid-entry-title entry-title '  itemprop=\"headline\" ><a href='https:\/\/www.woodstickmachine.com\/pt-br\/portfolio-item\/roda-tipo-ice-cream-sticks-maquina-selecao-visual\/' title='Roda Tipo Ice Cream Sticks M\u00e1quina Sele\u00e7\u00e3o Visual'>Roda Tipo Ice Cream Sticks M\u00e1quina Sele\u00e7\u00e3o Visual<\/a><\/h3><\/header><\/div><footer class=\"entry-footer\"><\/footer><\/article><\/div><div data-ajax-id='903' class=' grid-entry flex_column isotope-item all_sort no_margin post-entry post-entry-903 grid-entry-overview grid-loop-5 grid-parity-odd  ice-sticks-creme-maquina_sort produtos-em-destaque_sort  av_one_third  default_av_fullwidth '><article class='main_color inner-entry'  itemscope=\"itemscope\" itemtype=\"https:\/\/schema.org\/CreativeWork\" ><a href=\"https:\/\/www.woodstickmachine.com\/pt-br\/portfolio-item\/ice-cream-sticks-rotary-polimento-secagem-em-tambor\/\" title='Ice Cream Sticks Rotary Polimento &#038; secagem em tambor'  data-rel='grid-1' class='grid-image avia-hover-fx'> <img decoding=\"async\" fetchpriority=\"high\" width=\"495\" height=\"400\" src=\"https:\/\/www.woodstickmachine.com\/wp-content\/uploads\/2015\/12\/Ice-Cream-Sticks-Rotary-Polishing-Drying-Drum-495x400.jpg?v=1712027432\" class=\"wp-image-303 avia-img-lazy-loading-not-303 attachment-portfolio size-portfolio wp-post-image\" alt=\"Ice-Cream-Sticks-Rotary-Polishing-Drying-Drum\" \/><\/a><div class='grid-content'><div class='avia-arrow'><\/div><header class=\"entry-content-header\" aria-label=\"Portfolio: Ice Cream Sticks Rotary Polimento &#038; secagem em tambor\"><h3 class='grid-entry-title entry-title '  itemprop=\"headline\" ><a href='https:\/\/www.woodstickmachine.com\/pt-br\/portfolio-item\/ice-cream-sticks-rotary-polimento-secagem-em-tambor\/' title='Ice Cream Sticks Rotary Polimento &#038; secagem em tambor'>Ice Cream Sticks Rotary Polimento &#038; secagem em tambor<\/a><\/h3><\/header><\/div><footer class=\"entry-footer\"><\/footer><\/article><\/div><div data-ajax-id='899' class=' grid-entry flex_column isotope-item all_sort no_margin post-entry post-entry-899 grid-entry-overview grid-loop-6 grid-parity-even  ice-sticks-creme-maquina_sort produtos-em-destaque_sort  av_one_third  default_av_fullwidth '><article class='main_color inner-entry'  itemscope=\"itemscope\" itemtype=\"https:\/\/schema.org\/CreativeWork\" ><a href=\"https:\/\/www.woodstickmachine.com\/pt-br\/portfolio-item\/ice-cream-sticks-spindle-rotary-maquina-de-corte\/\" title='Ice Cream Sticks Spindle Rotary m\u00e1quina de corte'  data-rel='grid-1' class='grid-image avia-hover-fx'> <img decoding=\"async\" fetchpriority=\"high\" width=\"495\" height=\"400\" src=\"https:\/\/www.woodstickmachine.com\/wp-content\/uploads\/2015\/12\/Ice-Cream-Sticks-Spindle-Rotary-Cutting-Machine-495x400.jpg?v=1712027430\" class=\"wp-image-292 avia-img-lazy-loading-not-292 attachment-portfolio size-portfolio wp-post-image\" alt=\"Ice-Cream-Sticks-Spindle-Rotary-Cutting-Machine\" \/><\/a><div class='grid-content'><div class='avia-arrow'><\/div><header class=\"entry-content-header\" aria-label=\"Portfolio: Ice Cream Sticks Spindle Rotary m\u00e1quina de corte\"><h3 class='grid-entry-title entry-title '  itemprop=\"headline\" ><a href='https:\/\/www.woodstickmachine.com\/pt-br\/portfolio-item\/ice-cream-sticks-spindle-rotary-maquina-de-corte\/' title='Ice Cream Sticks Spindle Rotary m\u00e1quina de corte'>Ice Cream Sticks Spindle Rotary m\u00e1quina de corte<\/a><\/h3><\/header><\/div><footer class=\"entry-footer\"><\/footer><\/article><\/div><div data-ajax-id='895' class=' grid-entry flex_column isotope-item all_sort no_margin post-entry post-entry-895 grid-entry-overview grid-loop-7 grid-parity-odd  ice-sticks-creme-maquina_sort produtos-em-destaque_sort  av_one_third first default_av_fullwidth '><article class='main_color inner-entry'  itemscope=\"itemscope\" itemtype=\"https:\/\/schema.org\/CreativeWork\" ><a href=\"https:\/\/www.woodstickmachine.com\/pt-br\/portfolio-item\/ice-cream-sticks-maquina-de-corte-carved\/\" title='Ice Cream Sticks m\u00e1quina de corte Carved'  data-rel='grid-1' class='grid-image avia-hover-fx'> <img decoding=\"async\" fetchpriority=\"high\" width=\"495\" height=\"400\" src=\"https:\/\/www.woodstickmachine.com\/wp-content\/uploads\/2015\/12\/Ice-Cream-Sticks-Carved-Cutting-Machine-495x400.jpg?v=1712027429\" class=\"wp-image-283 avia-img-lazy-loading-not-283 attachment-portfolio size-portfolio wp-post-image\" alt=\"Ice-Cream-Sticks-Carved-Cutting-Machine\" \/><\/a><div class='grid-content'><div class='avia-arrow'><\/div><header class=\"entry-content-header\" aria-label=\"Portfolio: Ice Cream Sticks m\u00e1quina de corte Carved\"><h3 class='grid-entry-title entry-title '  itemprop=\"headline\" ><a href='https:\/\/www.woodstickmachine.com\/pt-br\/portfolio-item\/ice-cream-sticks-maquina-de-corte-carved\/' title='Ice Cream Sticks m\u00e1quina de corte Carved'>Ice Cream Sticks m\u00e1quina de corte Carved<\/a><\/h3><\/header><\/div><footer class=\"entry-footer\"><\/footer><\/article><\/div><div data-ajax-id='881' class=' grid-entry flex_column isotope-item all_sort no_margin post-entry post-entry-881 grid-entry-overview grid-loop-8 grid-parity-even  ice-sticks-creme-maquina_sort produtos-em-destaque_sort  av_one_third  default_av_fullwidth '><article class='main_color inner-entry'  itemscope=\"itemscope\" itemtype=\"https:\/\/schema.org\/CreativeWork\" ><a href=\"https:\/\/www.woodstickmachine.com\/pt-br\/portfolio-item\/sticks-ice-cream-maquina-de-encomenda\/\" title='Sticks Ice Cream M\u00e1quina de encomenda'  data-rel='grid-1' class='grid-image avia-hover-fx'> <img decoding=\"async\" fetchpriority=\"high\" width=\"495\" height=\"400\" src=\"https:\/\/www.woodstickmachine.com\/wp-content\/uploads\/2015\/12\/Full-Automatic-Ice-Cream-Sticks-Ordering-Machine-Wood-Sticks-Ordering-Machine-495x400.jpg?v=1712027425\" class=\"wp-image-277 avia-img-lazy-loading-not-277 attachment-portfolio size-portfolio wp-post-image\" alt=\"Full-Automatic-Ice-Cream-Sticks-Ordering-Machine-Wood-Sticks-Ordering-Machine\" \/><\/a><div class='grid-content'><div class='avia-arrow'><\/div><header class=\"entry-content-header\" aria-label=\"Portfolio: Sticks Ice Cream M\u00e1quina de encomenda\"><h3 class='grid-entry-title entry-title '  itemprop=\"headline\" ><a href='https:\/\/www.woodstickmachine.com\/pt-br\/portfolio-item\/sticks-ice-cream-maquina-de-encomenda\/' title='Sticks Ice Cream M\u00e1quina de encomenda'>Sticks Ice Cream M\u00e1quina de encomenda<\/a><\/h3><\/header><\/div><footer class=\"entry-footer\"><\/footer><\/article><\/div><div data-ajax-id='877' class=' grid-entry flex_column isotope-item all_sort no_margin post-entry post-entry-877 grid-entry-overview grid-loop-9 grid-parity-odd  ice-sticks-creme-maquina_sort produtos-em-destaque_sort  av_one_third  default_av_fullwidth '><article class='main_color inner-entry'  itemscope=\"itemscope\" itemtype=\"https:\/\/schema.org\/CreativeWork\" ><a href=\"https:\/\/www.woodstickmachine.com\/pt-br\/portfolio-item\/ice-cream-sticks-maquina-chamfering\/\" title='Ice Cream Sticks M\u00e1quina Chamfering'  data-rel='grid-1' class='grid-image avia-hover-fx'> <img decoding=\"async\" fetchpriority=\"high\" width=\"495\" height=\"400\" src=\"https:\/\/www.woodstickmachine.com\/wp-content\/uploads\/2015\/12\/Full-Automatic-Ice-Cream-Sticks-Chamfering-Machine-Ice-Spoon-Chamfering-Machine-495x400.jpg?v=1712027426\" class=\"wp-image-278 avia-img-lazy-loading-not-278 attachment-portfolio size-portfolio wp-post-image\" alt=\"Full-Automatic-Ice-Cream-Sticks-Chamfering-Machine-Ice-Spoon-Chamfering-Machine\" \/><\/a><div class='grid-content'><div class='avia-arrow'><\/div><header class=\"entry-content-header\" aria-label=\"Portfolio: Ice Cream Sticks M\u00e1quina Chamfering\"><h3 class='grid-entry-title entry-title '  itemprop=\"headline\" ><a href='https:\/\/www.woodstickmachine.com\/pt-br\/portfolio-item\/ice-cream-sticks-maquina-chamfering\/' title='Ice Cream Sticks M\u00e1quina Chamfering'>Ice Cream Sticks M\u00e1quina Chamfering<\/a><\/h3><\/header><\/div><footer class=\"entry-footer\"><\/footer><\/article><\/div><div data-ajax-id='873' class=' grid-entry flex_column isotope-item all_sort no_margin post-entry post-entry-873 grid-entry-overview grid-loop-10 grid-parity-even  ice-sticks-creme-maquina_sort produtos-em-destaque_sort  av_one_third first default_av_fullwidth '><article class='main_color inner-entry'  itemscope=\"itemscope\" itemtype=\"https:\/\/schema.org\/CreativeWork\" ><a href=\"https:\/\/www.woodstickmachine.com\/pt-br\/portfolio-item\/ice-cream-sticks-maquina-de-branding\/\" title='Ice Cream Sticks M\u00e1quina de Branding'  data-rel='grid-1' class='grid-image avia-hover-fx'> <img decoding=\"async\" fetchpriority=\"high\" width=\"495\" height=\"400\" src=\"https:\/\/www.woodstickmachine.com\/wp-content\/uploads\/2015\/12\/Ice-Cream-Sticks-Branding-Machine-Ice-Spoon-Branding-Machine-495x400.jpg?v=1712027428\" class=\"wp-image-279 avia-img-lazy-loading-not-279 attachment-portfolio size-portfolio wp-post-image\" alt=\"Ice-Cream-Sticks-Branding-Machine-Ice-Spoon-Branding-Machine\" \/><\/a><div class='grid-content'><div class='avia-arrow'><\/div><header class=\"entry-content-header\" aria-label=\"Portfolio: Ice Cream Sticks M\u00e1quina de Branding\"><h3 class='grid-entry-title entry-title '  itemprop=\"headline\" ><a href='https:\/\/www.woodstickmachine.com\/pt-br\/portfolio-item\/ice-cream-sticks-maquina-de-branding\/' title='Ice Cream Sticks M\u00e1quina de Branding'>Ice Cream Sticks M\u00e1quina de Branding<\/a><\/h3><\/header><\/div><footer class=\"entry-footer\"><\/footer><\/article><\/div><div data-ajax-id='865' class=' grid-entry flex_column isotope-item all_sort no_margin post-entry post-entry-865 grid-entry-overview grid-loop-11 grid-parity-odd  ice-sticks-creme-maquina_sort produtos-em-destaque_sort  av_one_third  default_av_fullwidth '><article class='main_color inner-entry'  itemscope=\"itemscope\" itemtype=\"https:\/\/schema.org\/CreativeWork\" ><a href=\"https:\/\/www.woodstickmachine.com\/pt-br\/portfolio-item\/sticks-ice-cream-empacotam-maquina\/\" title='Sticks Ice Cream empacotam M\u00e1quina'  data-rel='grid-1' class='grid-image avia-hover-fx'> <img decoding=\"async\" fetchpriority=\"high\" width=\"495\" height=\"400\" src=\"https:\/\/www.woodstickmachine.com\/wp-content\/uploads\/2015\/12\/Full-Automatic-High-Speed-Ice-Cream-Sticks-Bundling-Machine-495x400.jpg?v=1712027435\" class=\"wp-image-269 avia-img-lazy-loading-not-269 attachment-portfolio size-portfolio wp-post-image\" alt=\"Full-Automatic-High-Speed-Ice-Cream-Sticks-Bundling-Machine\" \/><\/a><div class='grid-content'><div class='avia-arrow'><\/div><header class=\"entry-content-header\" aria-label=\"Portfolio: Sticks Ice Cream empacotam M\u00e1quina\"><h3 class='grid-entry-title entry-title '  itemprop=\"headline\" ><a href='https:\/\/www.woodstickmachine.com\/pt-br\/portfolio-item\/sticks-ice-cream-empacotam-maquina\/' title='Sticks Ice Cream empacotam M\u00e1quina'>Sticks Ice Cream empacotam M\u00e1quina<\/a><\/h3><\/header><\/div><footer class=\"entry-footer\"><\/footer><\/article><\/div><div data-ajax-id='861' class=' grid-entry flex_column isotope-item all_sort no_margin post-entry post-entry-861 grid-entry-overview grid-loop-12 grid-parity-even  post-entry-last  ice-sticks-creme-maquina_sort produtos-em-destaque_sort  av_one_third  default_av_fullwidth '><article class='main_color inner-entry'  itemscope=\"itemscope\" itemtype=\"https:\/\/schema.org\/CreativeWork\" ><a href=\"https:\/\/www.woodstickmachine.com\/pt-br\/portfolio-item\/sticks-ice-cream-selecao-de-maquina\/\" title='Sticks Ice Cream Sele\u00e7\u00e3o de M\u00e1quina'  data-rel='grid-1' class='grid-image avia-hover-fx'> <img decoding=\"async\" fetchpriority=\"high\" width=\"495\" height=\"400\" src=\"https:\/\/www.woodstickmachine.com\/wp-content\/uploads\/2015\/12\/Ice-Cream-Sticks-Selecting-Machine-495x400.jpg?v=1712027433\" class=\"wp-image-270 avia-img-lazy-loading-not-270 attachment-portfolio size-portfolio wp-post-image\" alt=\"Ice-Cream-Sticks-Selecting-Machine\" \/><\/a><div class='grid-content'><div class='avia-arrow'><\/div><header class=\"entry-content-header\" aria-label=\"Portfolio: Sticks Ice Cream Sele\u00e7\u00e3o de M\u00e1quina\"><h3 class='grid-entry-title entry-title '  itemprop=\"headline\" ><a href='https:\/\/www.woodstickmachine.com\/pt-br\/portfolio-item\/sticks-ice-cream-selecao-de-maquina\/' title='Sticks Ice Cream Sele\u00e7\u00e3o de M\u00e1quina'>Sticks Ice Cream Sele\u00e7\u00e3o de M\u00e1quina<\/a><\/h3><\/header><\/div><footer class=\"entry-footer\"><\/footer><\/article><\/div><\/div><\/div>   <!--   class=\"av-portfolio-grid-sorting-container\"  --><\/div>\n","protected":false},"excerpt":{"rendered":"","protected":false},"author":2,"featured_media":0,"parent":732,"menu_order":0,"comment_status":"closed","ping_status":"closed","template":"","meta":{"footnotes":""},"class_list":["post-593","page","type-page","status-publish","hentry"],"aioseo_notices":[],"_links":{"self":[{"href":"https:\/\/www.woodstickmachine.com\/pt-br\/wp-json\/wp\/v2\/pages\/593","targetHints":{"allow":["GET"]}}],"collection":[{"href":"https:\/\/www.woodstickmachine.com\/pt-br\/wp-json\/wp\/v2\/pages"}],"about":[{"href":"https:\/\/www.woodstickmachine.com\/pt-br\/wp-json\/wp\/v2\/types\/page"}],"author":[{"embeddable":true,"href":"https:\/\/www.woodstickmachine.com\/pt-br\/wp-json\/wp\/v2\/users\/2"}],"replies":[{"embeddable":true,"href":"https:\/\/www.woodstickmachine.com\/pt-br\/wp-json\/wp\/v2\/comments?post=593"}],"version-history":[{"count":0,"href":"https:\/\/www.woodstickmachine.com\/pt-br\/wp-json\/wp\/v2\/pages\/593\/revisions"}],"up":[{"embeddable":true,"href":"https:\/\/www.woodstickmachine.com\/pt-br\/wp-json\/wp\/v2\/pages\/732"}],"wp:attachment":[{"href":"https:\/\/www.woodstickmachine.com\/pt-br\/wp-json\/wp\/v2\/media?parent=593"}],"curies":[{"name":"wp","href":"https:\/\/api.w.org\/{rel}","templated":true}]}}