{"id":575,"date":"2015-12-24T06:47:06","date_gmt":"2015-12-24T06:47:06","guid":{"rendered":"http:\/\/www.woodstickmachine.com\/pt-br\/?page_id=575"},"modified":"2015-12-24T06:47:06","modified_gmt":"2015-12-24T06:47:06","slug":"agitador-cafe-que-faz-a-maquina","status":"publish","type":"page","link":"https:\/\/www.woodstickmachine.com\/pt-br\/produtos\/agitador-cafe-que-faz-a-maquina\/","title":{"rendered":"Agitador caf\u00e9 que faz a m\u00e1quina"},"content":{"rendered":"\n<style type=\"text\/css\" data-created_by=\"avia_inline_auto\" id=\"style-css-av-av_one_full-9497bbf8bff73ea4c6992cc17fa9ec36\">\n.flex_column.av-av_one_full-9497bbf8bff73ea4c6992cc17fa9ec36{\nborder-radius:0px 0px 0px 0px;\npadding:0px 0px 0px 0px;\n}\n<\/style>\n<div  class='flex_column av-av_one_full-9497bbf8bff73ea4c6992cc17fa9ec36 av_one_full  avia-builder-el-0  avia-builder-el-no-sibling  first flex_column_div av-zero-column-padding  '     ><div id='av-masonry-1' class='av-masonry av-av_masonry_entries-24983b1ec82c9ce78f366fa6b27f0d26 noHover av-fixed-size av-1px-gap av-hover-overlay-active av-masonry-animation-active av-masonry-col-flexible av-caption-always av-caption-style- av-masonry-entries ' data-post_id=\"575\"><div class='av-masonry-sort main_color av-sort-yes' data-masonry-id='1' ><div class='av-sort-by-term  ' data-av-allowed-sort='[\"ice-cream-colher-que-faz-a-maquina_sort\",\"ice-sticks-creme-maquina_sort\",\"produtos_sort\",\"produtos-em-destaque_sort\",\"rodada-de-madeira-varas-maquina_sort\",\"talheres-de-madeira-que-faz-a-maquina_sort\",\"tongue-maquina-depressor_sort\"]' ><a href=\"#\" data-filter=\"all_sort\" class=\"all_sort_button active_sort\"><span class=\"inner_sort_button\"><span>Todos<\/span><small class=\"avia-term-count\"> 12 <\/small><\/span><\/a><span class='text-sep ice-cream-colher-que-faz-a-maquina_sort_sep avia_show_sort'>\/<\/span><a href=\"#\" data-filter=\"ice-cream-colher-que-faz-a-maquina_sort\" class=\"ice-cream-colher-que-faz-a-maquina_sort_button avia_show_sort\" ><span class=\"inner_sort_button\"><span>Ice Cream Colher que faz a m\u00e1quina<\/span><small class='avia-term-count'> 2 <\/small><\/span><\/a><span class='text-sep ice-sticks-creme-maquina_sort_sep avia_show_sort'>\/<\/span><a href=\"#\" data-filter=\"ice-sticks-creme-maquina_sort\" class=\"ice-sticks-creme-maquina_sort_button avia_show_sort\" ><span class=\"inner_sort_button\"><span>Ice Sticks creme M\u00e1quina<\/span><small class='avia-term-count'> 6 <\/small><\/span><\/a><span class='text-sep produtos_sort_sep avia_hide_sort'>\/<\/span><a href=\"#\" data-filter=\"produtos_sort\" class=\"produtos_sort_button avia_hide_sort\" ><span class=\"inner_sort_button\"><span>Produtos<\/span><small class='avia-term-count'> 0 <\/small><\/span><\/a><span class='text-sep produtos-em-destaque_sort_sep avia_show_sort'>\/<\/span><a href=\"#\" data-filter=\"produtos-em-destaque_sort\" class=\"produtos-em-destaque_sort_button avia_show_sort\" ><span class=\"inner_sort_button\"><span>Produtos em Destaque<\/span><small class='avia-term-count'> 7 <\/small><\/span><\/a><span class='text-sep rodada-de-madeira-varas-maquina_sort_sep avia_show_sort'>\/<\/span><a href=\"#\" data-filter=\"rodada-de-madeira-varas-maquina_sort\" class=\"rodada-de-madeira-varas-maquina_sort_button avia_show_sort\" ><span class=\"inner_sort_button\"><span>Rodada de madeira Varas M\u00e1quina<\/span><small class='avia-term-count'> 2 <\/small><\/span><\/a><span class='text-sep talheres-de-madeira-que-faz-a-maquina_sort_sep avia_show_sort'>\/<\/span><a href=\"#\" data-filter=\"talheres-de-madeira-que-faz-a-maquina_sort\" class=\"talheres-de-madeira-que-faz-a-maquina_sort_button avia_show_sort\" ><span class=\"inner_sort_button\"><span>Talheres de madeira que faz a m\u00e1quina<\/span><small class='avia-term-count'> 1 <\/small><\/span><\/a><span class='text-sep tongue-maquina-depressor_sort_sep avia_show_sort'>\/<\/span><a href=\"#\" data-filter=\"tongue-maquina-depressor_sort\" class=\"tongue-maquina-depressor_sort_button avia_show_sort\" ><span class=\"inner_sort_button\"><span>Tongue M\u00e1quina Depressor<\/span><small class='avia-term-count'> 1 <\/small><\/span><\/a><\/div><\/div><div class=\"av-masonry-container isotope av-js-disabled\"><div class='av-masonry-entry isotope-item av-masonry-item-no-image all_sort rodada-de-madeira-varas-maquina_sort  ice-cream-colher-que-faz-a-maquina_sort  produtos-em-destaque_sort  talheres-de-madeira-que-faz-a-maquina_sort  ice-sticks-creme-maquina_sort  tongue-maquina-depressor_sort '><\/div><a href=\"https:\/\/www.woodstickmachine.com\/pt-br\/portfolio-item\/varas-de-madeira-redondos-contando-selecao-de-maquina\/\"  id='av-masonry-1-item-996' data-av-masonry-item='996' class='av-masonry-entry isotope-item post-996 portfolio type-portfolio status-publish has-post-thumbnail hentry tag-madeira-redonda-da-vara-que-faz-a-maquina tag-madeira-round-bar-que-faz-a-maquina tag-varas-de-madeira-redondos-contando-selecao-de-maquina portfolio_entries-rodada-de-madeira-varas-maquina all_sort rodada-de-madeira-varas-maquina_sort  av-masonry-item-with-image av-grid-img' title=\"Round-Wood-Sticks-Counting-and-Selecting-Machine\"   itemscope=\"itemscope\" itemtype=\"https:\/\/schema.org\/CreativeWork\" ><div class='av-inner-masonry-sizer'><\/div><figure class='av-inner-masonry main_color'><div class=\"av-masonry-outerimage-container\"><div class='av-masonry-image-container' style=\"background-image: url(https:\/\/www.woodstickmachine.com\/wp-content\/uploads\/2015\/12\/Round-Wood-Sticks-Counting-and-Selecting-Machine-705x469.jpg?v=1712027400);\"  title=\"Round-Wood-Sticks-Counting-and-Selecting-Machine\" ><\/div><\/div><figcaption class='av-inner-masonry-content site-background'><div class='av-inner-masonry-content-pos'><div class='av-inner-masonry-content-pos-content'><div class='avia-arrow'><\/div><h3 class='av-masonry-entry-title entry-title '  itemprop=\"headline\" >Varas de madeira redondos Contando &#038; Sele\u00e7\u00e3o de M\u00e1quina<\/h3><\/div><\/div><\/figcaption><\/figure><\/a><!--end av-masonry entry--><a href=\"https:\/\/www.woodstickmachine.com\/pt-br\/portfolio-item\/maquina-do-gelado-colher-bundling\/\"  id='av-masonry-1-item-994' data-av-masonry-item='994' class='av-masonry-entry isotope-item post-994 portfolio type-portfolio status-publish has-post-thumbnail hentry tag-ice-cream-colher-que-faz-a-maquina tag-magnum-madeira-que-faz-a-maquina tag-maquina-de-gelo-colher-factura tag-maquina-do-gelado-colher-bundling portfolio_entries-ice-cream-colher-que-faz-a-maquina all_sort ice-cream-colher-que-faz-a-maquina_sort  av-masonry-item-with-image av-grid-img' title=\"Ice-Cream-Spoon-Bundling-Machine\"   itemscope=\"itemscope\" itemtype=\"https:\/\/schema.org\/CreativeWork\" ><div class='av-inner-masonry-sizer'><\/div><figure class='av-inner-masonry main_color'><div class=\"av-masonry-outerimage-container\"><div class='av-masonry-image-container' style=\"background-image: url(https:\/\/www.woodstickmachine.com\/wp-content\/uploads\/2015\/12\/Ice-Cream-Spoon-Bundling-Machine-705x430.jpg?v=1712027392);\"  title=\"Ice-Cream-Spoon-Bundling-Machine\" ><\/div><\/div><figcaption class='av-inner-masonry-content site-background'><div class='av-inner-masonry-content-pos'><div class='av-inner-masonry-content-pos-content'><div class='avia-arrow'><\/div><h3 class='av-masonry-entry-title entry-title '  itemprop=\"headline\" >M\u00e1quina do gelado Colher Bundling<\/h3><\/div><\/div><\/figcaption><\/figure><\/a><!--end av-masonry entry--><a href=\"https:\/\/www.woodstickmachine.com\/pt-br\/portfolio-item\/madeira-talheres-colher-forks-hot-press-da-forma-a-maquina\/\"  id='av-masonry-1-item-990' data-av-masonry-item='990' class='av-masonry-entry isotope-item post-990 portfolio type-portfolio status-publish has-post-thumbnail hentry tag-madeira-talheres-colher-forks-hot-press-da-forma-a-maquina portfolio_entries-produtos-em-destaque portfolio_entries-talheres-de-madeira-que-faz-a-maquina all_sort produtos-em-destaque_sort  talheres-de-madeira-que-faz-a-maquina_sort  av-masonry-item-with-image av-grid-img' title=\"Disposable-Wooden-Spoon-Making-Machine-Disposable-Wooden-Forks-Making-Machine\"   itemscope=\"itemscope\" itemtype=\"https:\/\/schema.org\/CreativeWork\" ><div class='av-inner-masonry-sizer'><\/div><figure class='av-inner-masonry main_color'><div class=\"av-masonry-outerimage-container\"><div class='av-masonry-image-container' style=\"background-image: url(https:\/\/www.woodstickmachine.com\/wp-content\/uploads\/2015\/12\/Disposable-Wooden-Spoon-Making-Machine-Disposable-Wooden-Forks-Making-Machine-705x518.jpg?v=1712027407);\"  title=\"Disposable-Wooden-Spoon-Making-Machine-Disposable-Wooden-Forks-Making-Machine\" ><\/div><\/div><figcaption class='av-inner-masonry-content site-background'><div class='av-inner-masonry-content-pos'><div class='av-inner-masonry-content-pos-content'><div class='avia-arrow'><\/div><h3 class='av-masonry-entry-title entry-title '  itemprop=\"headline\" >Madeira Talheres Colher &#038; Forks Hot Press d\u00e1 forma \u00e0 m\u00e1quina<\/h3><\/div><\/div><\/figcaption><\/figure><\/a><!--end av-masonry entry--><a href=\"https:\/\/www.woodstickmachine.com\/pt-br\/portfolio-item\/hopper-feeder-ice-cream-sticks-maquina-de-branding\/\"  id='av-masonry-1-item-984' data-av-masonry-item='984' class='av-masonry-entry isotope-item post-984 portfolio type-portfolio status-publish has-post-thumbnail hentry tag-hopper-feeder-ice-cream-sticks-maquina-de-branding portfolio_entries-ice-sticks-creme-maquina all_sort ice-sticks-creme-maquina_sort  av-masonry-item-with-image av-grid-img' title=\"Hopper-Feeder-Ice-Cream-Sticks-Branding-Machine\"   itemscope=\"itemscope\" itemtype=\"https:\/\/schema.org\/CreativeWork\" ><div class='av-inner-masonry-sizer'><\/div><figure class='av-inner-masonry main_color'><div class=\"av-masonry-outerimage-container\"><div class='av-masonry-image-container' style=\"background-image: url(https:\/\/www.woodstickmachine.com\/wp-content\/uploads\/2015\/12\/Hopper-Feeder-Ice-Cream-Sticks-Branding-Machine-705x520.jpg);\"  title=\"Hopper-Feeder-Ice-Cream-Sticks-Branding-Machine\" ><\/div><\/div><figcaption class='av-inner-masonry-content site-background'><div class='av-inner-masonry-content-pos'><div class='av-inner-masonry-content-pos-content'><div class='avia-arrow'><\/div><h3 class='av-masonry-entry-title entry-title '  itemprop=\"headline\" >Hopper Feeder Ice Cream Sticks M\u00e1quina de Branding<\/h3><\/div><\/div><\/figcaption><\/figure><\/a><!--end av-masonry entry--><a href=\"https:\/\/www.woodstickmachine.com\/pt-br\/portfolio-item\/woody-batten-keating-mahina\/\"  id='av-masonry-1-item-971' data-av-masonry-item='971' class='av-masonry-entry isotope-item post-971 portfolio type-portfolio status-publish hentry tag-woody-batten-keating-mahina portfolio_entries-rodada-de-madeira-varas-maquina all_sort rodada-de-madeira-varas-maquina_sort  av-masonry-item-no-image' title=\"Woody Batten Keating Mahina\"   itemscope=\"itemscope\" itemtype=\"https:\/\/schema.org\/CreativeWork\" ><div class='av-inner-masonry-sizer'><\/div><figure class='av-inner-masonry main_color'><figcaption class='av-inner-masonry-content site-background'><div class='av-inner-masonry-content-pos'><div class='av-inner-masonry-content-pos-content'><div class='avia-arrow'><\/div><h3 class='av-masonry-entry-title entry-title '  itemprop=\"headline\" >Woody Batten Keating Mahina<\/h3><\/div><\/div><\/figcaption><\/figure><\/a><!--end av-masonry entry--><a href=\"https:\/\/www.woodstickmachine.com\/pt-br\/portfolio-item\/ice-cream-maquina-colher-chamfering\/\"  id='av-masonry-1-item-951' data-av-masonry-item='951' class='av-masonry-entry isotope-item post-951 portfolio type-portfolio status-publish has-post-thumbnail hentry tag-ice-cream-colher-que-faz-a-maquina tag-ice-cream-maquina-colher-chamfering tag-magnum-madeira-que-faz-a-maquina tag-maquina-de-gelo-colher-factura portfolio_entries-ice-cream-colher-que-faz-a-maquina portfolio_entries-produtos-em-destaque all_sort ice-cream-colher-que-faz-a-maquina_sort  produtos-em-destaque_sort  av-masonry-item-with-image av-landscape-img' title=\"Ice-Cream-Spoon-Chamfering-Machine\"   itemscope=\"itemscope\" itemtype=\"https:\/\/schema.org\/CreativeWork\" ><div class='av-inner-masonry-sizer'><\/div><figure class='av-inner-masonry main_color'><div class=\"av-masonry-outerimage-container\"><div class='av-masonry-image-container' style=\"background-image: url(https:\/\/www.woodstickmachine.com\/wp-content\/uploads\/2015\/12\/Ice-Cream-Spoon-Chamfering-Machine-705x396.jpg?v=1712027395);\"  title=\"Ice-Cream-Spoon-Chamfering-Machine\" ><\/div><\/div><figcaption class='av-inner-masonry-content site-background'><div class='av-inner-masonry-content-pos'><div class='av-inner-masonry-content-pos-content'><div class='avia-arrow'><\/div><h3 class='av-masonry-entry-title entry-title '  itemprop=\"headline\" >Ice Cream M\u00e1quina Colher Chamfering<\/h3><\/div><\/div><\/figcaption><\/figure><\/a><!--end av-masonry entry--><a href=\"https:\/\/www.woodstickmachine.com\/pt-br\/portfolio-item\/quatro-side-vedacao-tongue-depressor-maquina-de-embalagem\/\"  id='av-masonry-1-item-950' data-av-masonry-item='950' class='av-masonry-entry isotope-item post-950 portfolio type-portfolio status-publish has-post-thumbnail hentry tag-quatro-side-vedacao-tongue-depressor-maquina-de-embalagem tag-tongue-depressor-maquina-de-fazer portfolio_entries-produtos-em-destaque portfolio_entries-tongue-maquina-depressor all_sort produtos-em-destaque_sort  tongue-maquina-depressor_sort  av-masonry-item-with-image av-grid-img' title=\"Automatic-Tongue-Depressor-Four-Side-Sealing-Packing-Machine\"   itemscope=\"itemscope\" itemtype=\"https:\/\/schema.org\/CreativeWork\" ><div class='av-inner-masonry-sizer'><\/div><figure class='av-inner-masonry main_color'><div class=\"av-masonry-outerimage-container\"><div class='av-masonry-image-container' style=\"background-image: url(https:\/\/www.woodstickmachine.com\/wp-content\/uploads\/2015\/12\/Automatic-Tongue-Depressor-Four-Side-Sealing-Packing-Machine-705x584.jpg?v=1712027401);\"  title=\"Automatic-Tongue-Depressor-Four-Side-Sealing-Packing-Machine\" ><\/div><\/div><figcaption class='av-inner-masonry-content site-background'><div class='av-inner-masonry-content-pos'><div class='av-inner-masonry-content-pos-content'><div class='avia-arrow'><\/div><h3 class='av-masonry-entry-title entry-title '  itemprop=\"headline\" >Quatro Side veda\u00e7\u00e3o Tongue Depressor m\u00e1quina de embalagem<\/h3><\/div><\/div><\/figcaption><\/figure><\/a><!--end av-masonry entry--><a href=\"https:\/\/www.woodstickmachine.com\/pt-br\/portfolio-item\/ice-cream-sticks-carton-maquina-de-enchimento\/\"  id='av-masonry-1-item-917' data-av-masonry-item='917' class='av-masonry-entry isotope-item post-917 portfolio type-portfolio status-publish has-post-thumbnail hentry tag-ice-cream-sticks-carton-maquina-de-enchimento tag-varas-do-gelado-que-faz-a-maquina portfolio_entries-ice-sticks-creme-maquina all_sort ice-sticks-creme-maquina_sort  av-masonry-item-with-image av-grid-img' title=\"Ice-Cream-Sticks-Box-Filling-Machine\"   itemscope=\"itemscope\" itemtype=\"https:\/\/schema.org\/CreativeWork\" ><div class='av-inner-masonry-sizer'><\/div><figure class='av-inner-masonry main_color'><div class=\"av-masonry-outerimage-container\"><div class='av-masonry-image-container' style=\"background-image: url(https:\/\/www.woodstickmachine.com\/wp-content\/uploads\/2015\/12\/Ice-Cream-Sticks-Box-Filling-Machine1-705x489.jpg?v=1712027404);\"  title=\"Ice-Cream-Sticks-Box-Filling-Machine\" ><\/div><\/div><figcaption class='av-inner-masonry-content site-background'><div class='av-inner-masonry-content-pos'><div class='av-inner-masonry-content-pos-content'><div class='avia-arrow'><\/div><h3 class='av-masonry-entry-title entry-title '  itemprop=\"headline\" >Ice Cream Sticks Carton m\u00e1quina de enchimento<\/h3><\/div><\/div><\/figcaption><\/figure><\/a><!--end av-masonry entry--><a href=\"https:\/\/www.woodstickmachine.com\/pt-br\/portfolio-item\/ice-cream-sticks-polimento-dust-maquina-de-remocao\/\"  id='av-masonry-1-item-913' data-av-masonry-item='913' class='av-masonry-entry isotope-item post-913 portfolio type-portfolio status-publish has-post-thumbnail hentry tag-ice-cream-sticks-polimento-dust-maquina-de-remocao tag-varas-do-gelado-que-faz-a-maquina portfolio_entries-ice-sticks-creme-maquina portfolio_entries-produtos-em-destaque all_sort ice-sticks-creme-maquina_sort  produtos-em-destaque_sort  av-masonry-item-with-image av-grid-img' title=\"Ice-Cream-Sticks-Polishing-Dust-Removing-Machine\"   itemscope=\"itemscope\" itemtype=\"https:\/\/schema.org\/CreativeWork\" ><div class='av-inner-masonry-sizer'><\/div><figure class='av-inner-masonry main_color'><div class=\"av-masonry-outerimage-container\"><div class='av-masonry-image-container' style=\"background-image: url(https:\/\/www.woodstickmachine.com\/wp-content\/uploads\/2015\/12\/Ice-Cream-Sticks-Polishing-Dust-Removing-Machine-705x456.jpg?v=1712027420);\"  title=\"Ice-Cream-Sticks-Polishing-Dust-Removing-Machine\" ><\/div><\/div><figcaption class='av-inner-masonry-content site-background'><div class='av-inner-masonry-content-pos'><div class='av-inner-masonry-content-pos-content'><div class='avia-arrow'><\/div><h3 class='av-masonry-entry-title entry-title '  itemprop=\"headline\" >Ice Cream Sticks Polimento &#038; Dust M\u00e1quina de Remo\u00e7\u00e3o<\/h3><\/div><\/div><\/figcaption><\/figure><\/a><!--end av-masonry entry--><a href=\"https:\/\/www.woodstickmachine.com\/pt-br\/portfolio-item\/roda-tipo-ice-cream-sticks-maquina-selecao-visual\/\"  id='av-masonry-1-item-909' data-av-masonry-item='909' class='av-masonry-entry isotope-item post-909 portfolio type-portfolio status-publish has-post-thumbnail hentry tag-roda-tipo-ice-cream-sticks-maquina-selecao-visual tag-varas-do-gelado-que-faz-a-maquina portfolio_entries-ice-sticks-creme-maquina portfolio_entries-produtos-em-destaque all_sort ice-sticks-creme-maquina_sort  produtos-em-destaque_sort  av-masonry-item-with-image av-grid-img' title=\"Ice-Cream-Sticks-Vision-Selecting-Machine\"   itemscope=\"itemscope\" itemtype=\"https:\/\/schema.org\/CreativeWork\" ><div class='av-inner-masonry-sizer'><\/div><figure class='av-inner-masonry main_color'><div class=\"av-masonry-outerimage-container\"><div class='av-masonry-image-container' style=\"background-image: url(https:\/\/www.woodstickmachine.com\/wp-content\/uploads\/2015\/12\/Ice-Cream-Sticks-Vision-Selecting-Machine-705x531.jpg?v=1712027422);\"  title=\"Ice-Cream-Sticks-Vision-Selecting-Machine\" ><\/div><\/div><figcaption class='av-inner-masonry-content site-background'><div class='av-inner-masonry-content-pos'><div class='av-inner-masonry-content-pos-content'><div class='avia-arrow'><\/div><h3 class='av-masonry-entry-title entry-title '  itemprop=\"headline\" >Roda Tipo Ice Cream Sticks M\u00e1quina Sele\u00e7\u00e3o Visual<\/h3><\/div><\/div><\/figcaption><\/figure><\/a><!--end av-masonry entry--><a href=\"https:\/\/www.woodstickmachine.com\/pt-br\/portfolio-item\/ice-cream-sticks-rotary-polimento-secagem-em-tambor\/\"  id='av-masonry-1-item-903' data-av-masonry-item='903' class='av-masonry-entry isotope-item post-903 portfolio type-portfolio status-publish has-post-thumbnail hentry tag-ice-cream-sticks-rotary-polimento-secagem-em-tambor tag-varas-do-gelado-que-faz-a-maquina portfolio_entries-ice-sticks-creme-maquina portfolio_entries-produtos-em-destaque all_sort ice-sticks-creme-maquina_sort  produtos-em-destaque_sort  av-masonry-item-with-image av-grid-img' title=\"Ice-Cream-Sticks-Rotary-Polishing-Drying-Drum\"   itemscope=\"itemscope\" itemtype=\"https:\/\/schema.org\/CreativeWork\" ><div class='av-inner-masonry-sizer'><\/div><figure class='av-inner-masonry main_color'><div class=\"av-masonry-outerimage-container\"><div class='av-masonry-image-container' style=\"background-image: url(https:\/\/www.woodstickmachine.com\/wp-content\/uploads\/2015\/12\/Ice-Cream-Sticks-Rotary-Polishing-Drying-Drum-705x464.jpg?v=1712027432);\"  title=\"Ice-Cream-Sticks-Rotary-Polishing-Drying-Drum\" ><\/div><\/div><figcaption class='av-inner-masonry-content site-background'><div class='av-inner-masonry-content-pos'><div class='av-inner-masonry-content-pos-content'><div class='avia-arrow'><\/div><h3 class='av-masonry-entry-title entry-title '  itemprop=\"headline\" >Ice Cream Sticks Rotary Polimento &#038; secagem em tambor<\/h3><\/div><\/div><\/figcaption><\/figure><\/a><!--end av-masonry entry--><a href=\"https:\/\/www.woodstickmachine.com\/pt-br\/portfolio-item\/ice-cream-sticks-spindle-rotary-maquina-de-corte\/\"  id='av-masonry-1-item-899' data-av-masonry-item='899' class='av-masonry-entry isotope-item post-899 portfolio type-portfolio status-publish has-post-thumbnail hentry tag-ice-cream-sticks-spindle-rotary-maquina-de-corte tag-varas-do-gelado-que-faz-a-maquina portfolio_entries-ice-sticks-creme-maquina portfolio_entries-produtos-em-destaque all_sort ice-sticks-creme-maquina_sort  produtos-em-destaque_sort  av-masonry-item-with-image av-grid-img' title=\"Ice-Cream-Sticks-Spindle-Rotary-Cutting-Machine\"   itemscope=\"itemscope\" itemtype=\"https:\/\/schema.org\/CreativeWork\" ><div class='av-inner-masonry-sizer'><\/div><figure class='av-inner-masonry main_color'><div class=\"av-masonry-outerimage-container\"><div class='av-masonry-image-container' style=\"background-image: url(https:\/\/www.woodstickmachine.com\/wp-content\/uploads\/2015\/12\/Ice-Cream-Sticks-Spindle-Rotary-Cutting-Machine-705x461.jpg?v=1712027430);\"  title=\"Ice-Cream-Sticks-Spindle-Rotary-Cutting-Machine\" ><\/div><\/div><figcaption class='av-inner-masonry-content site-background'><div class='av-inner-masonry-content-pos'><div class='av-inner-masonry-content-pos-content'><div class='avia-arrow'><\/div><h3 class='av-masonry-entry-title entry-title '  itemprop=\"headline\" >Ice Cream Sticks Spindle Rotary m\u00e1quina de corte<\/h3><\/div><\/div><\/figcaption><\/figure><\/a><!--end av-masonry entry--><\/div><div class='av-masonry-pagination av-masonry-pagination-pagination'><nav class='pagination'><span class='pagination-meta'>P\u00e1gina 1 de 2<\/span><span class='current'>1<\/span><a href='https:\/\/www.woodstickmachine.com\/pt-br\/wp-json\/wp\/v2\/pages\/575\/?avia-element-paging=2' class='inactive next_page' >2<\/a><\/nav>\n<\/div><\/div><\/div>\n","protected":false},"excerpt":{"rendered":"","protected":false},"author":2,"featured_media":0,"parent":732,"menu_order":0,"comment_status":"closed","ping_status":"closed","template":"","meta":{"footnotes":""},"class_list":["post-575","page","type-page","status-publish","hentry"],"aioseo_notices":[],"_links":{"self":[{"href":"https:\/\/www.woodstickmachine.com\/pt-br\/wp-json\/wp\/v2\/pages\/575","targetHints":{"allow":["GET"]}}],"collection":[{"href":"https:\/\/www.woodstickmachine.com\/pt-br\/wp-json\/wp\/v2\/pages"}],"about":[{"href":"https:\/\/www.woodstickmachine.com\/pt-br\/wp-json\/wp\/v2\/types\/page"}],"author":[{"embeddable":true,"href":"https:\/\/www.woodstickmachine.com\/pt-br\/wp-json\/wp\/v2\/users\/2"}],"replies":[{"embeddable":true,"href":"https:\/\/www.woodstickmachine.com\/pt-br\/wp-json\/wp\/v2\/comments?post=575"}],"version-history":[{"count":0,"href":"https:\/\/www.woodstickmachine.com\/pt-br\/wp-json\/wp\/v2\/pages\/575\/revisions"}],"up":[{"embeddable":true,"href":"https:\/\/www.woodstickmachine.com\/pt-br\/wp-json\/wp\/v2\/pages\/732"}],"wp:attachment":[{"href":"https:\/\/www.woodstickmachine.com\/pt-br\/wp-json\/wp\/v2\/media?parent=575"}],"curies":[{"name":"wp","href":"https:\/\/api.w.org\/{rel}","templated":true}]}}