{"id":590,"date":"2015-12-24T06:51:54","date_gmt":"2015-12-24T06:51:54","guid":{"rendered":"http:\/\/www.woodstickmachine.com\/fr\/?page_id=590"},"modified":"2015-12-24T06:51:54","modified_gmt":"2015-12-24T06:51:54","slug":"ice-cream-sticks-machine","status":"publish","type":"page","link":"https:\/\/www.woodstickmachine.com\/fr\/produits\/ice-cream-sticks-machine\/","title":{"rendered":"Ice Cream Sticks Machine"},"content":{"rendered":"\n<style type=\"text\/css\" data-created_by=\"avia_inline_auto\" id=\"style-css-av-av_one_full-9497bbf8bff73ea4c6992cc17fa9ec36\">\n.flex_column.av-av_one_full-9497bbf8bff73ea4c6992cc17fa9ec36{\nborder-radius:0px 0px 0px 0px;\npadding:0px 0px 0px 0px;\n}\n<\/style>\n<div  class='flex_column av-av_one_full-9497bbf8bff73ea4c6992cc17fa9ec36 av_one_full  avia-builder-el-0  avia-builder-el-no-sibling  first flex_column_div av-zero-column-padding  '     ><div  id=\"av-sc-portfolio-1\"  class=\"av-portfolio-grid-sorting-container\"><div class='sort_width_container  av-sort-yes' data-portfolio-id='1' ><div id='js_sort_items' ><div class='sort_by_cat hidden'><a href=\"#\" data-filter=\"all_sort\" class=\"all_sort_button active_sort\"><span class=\"inner_sort_button\"><span>Tout<\/span><small class=\"av-cat-count\"> 12 <\/small><\/span><\/a><span class=\"text-sep ice-cream-sticks-machine-fr_sort_sep\">\/<\/span><a href=\"#\" data-filter=\"ice-cream-sticks-machine-fr_sort\" class=\"ice-cream-sticks-machine-fr_sort_button\" ><span class=\"inner_sort_button\"><span>Ice Cream Sticks Machine<\/span><small class=\"av-cat-count\"> 12 <\/small><\/span><\/a><\/div><\/div><\/div><div  class=' grid-sort-container isotope   no_margin-container with-excerpt-container grid-total-even grid-col-3 grid-links-' data-portfolio-id='1'><div data-ajax-id='981' class=' grid-entry flex_column isotope-item all_sort no_margin post-entry post-entry-981 grid-entry-overview grid-loop-1 grid-parity-odd  ice-cream-sticks-machine-fr_sort  av_one_third first default_av_fullwidth '><article class='main_color inner-entry'  itemscope=\"itemscope\" itemtype=\"https:\/\/schema.org\/CreativeWork\" ><a href=\"https:\/\/www.woodstickmachine.com\/fr\/portfolio-item\/hopper-feeder-ice-cream-sticks-branding-machine\/\" title='Hopper Feeder Ice Cream Sticks Branding Machine'  data-rel='grid-1' class='grid-image avia-hover-fx'> <img decoding=\"async\" fetchpriority=\"high\" width=\"495\" height=\"400\" src=\"https:\/\/www.woodstickmachine.com\/wp-content\/uploads\/2015\/12\/Hopper-Feeder-Ice-Cream-Sticks-Branding-Machine-495x400.jpg\" class=\"wp-image-547 avia-img-lazy-loading-not-547 attachment-portfolio size-portfolio wp-post-image\" alt=\"Hopper-Feeder-Ice-Cream-Sticks-Branding-Machine\" \/><\/a><div class='grid-content'><div class='avia-arrow'><\/div><header class=\"entry-content-header\" aria-label=\"Portfolio : Hopper Feeder Ice Cream Sticks Branding Machine\"><h3 class='grid-entry-title entry-title '  itemprop=\"headline\" ><a href='https:\/\/www.woodstickmachine.com\/fr\/portfolio-item\/hopper-feeder-ice-cream-sticks-branding-machine\/' title='Hopper Feeder Ice Cream Sticks Branding Machine'>Hopper Feeder Ice Cream Sticks Branding Machine<\/a><\/h3><\/header><\/div><footer class=\"entry-footer\"><\/footer><\/article><\/div><div data-ajax-id='915' class=' grid-entry flex_column isotope-item all_sort no_margin post-entry post-entry-915 grid-entry-overview grid-loop-2 grid-parity-even  ice-cream-sticks-machine-fr_sort  av_one_third  default_av_fullwidth '><article class='main_color inner-entry'  itemscope=\"itemscope\" itemtype=\"https:\/\/schema.org\/CreativeWork\" ><a href=\"https:\/\/www.woodstickmachine.com\/fr\/portfolio-item\/ice-cream-sticks-carton-machine-de-remplissage\/\" title='Ice Cream Sticks Carton machine de remplissage'  data-rel='grid-1' class='grid-image avia-hover-fx'> <img decoding=\"async\" fetchpriority=\"high\" width=\"495\" height=\"400\" src=\"https:\/\/www.woodstickmachine.com\/wp-content\/uploads\/2015\/12\/Ice-Cream-Sticks-Box-Filling-Machine1-495x400.jpg?v=1712027404\" class=\"wp-image-447 avia-img-lazy-loading-not-447 attachment-portfolio size-portfolio wp-post-image\" alt=\"Ice-Cream-Sticks-Box-Filling-Machine\" \/><\/a><div class='grid-content'><div class='avia-arrow'><\/div><header class=\"entry-content-header\" aria-label=\"Portfolio : Ice Cream Sticks Carton machine de remplissage\"><h3 class='grid-entry-title entry-title '  itemprop=\"headline\" ><a href='https:\/\/www.woodstickmachine.com\/fr\/portfolio-item\/ice-cream-sticks-carton-machine-de-remplissage\/' title='Ice Cream Sticks Carton machine de remplissage'>Ice Cream Sticks Carton machine de remplissage<\/a><\/h3><\/header><\/div><footer class=\"entry-footer\"><\/footer><\/article><\/div><div data-ajax-id='910' class=' grid-entry flex_column isotope-item all_sort no_margin post-entry post-entry-910 grid-entry-overview grid-loop-3 grid-parity-odd  ice-cream-sticks-machine-fr_sort produits-phares_sort  av_one_third  default_av_fullwidth '><article class='main_color inner-entry'  itemscope=\"itemscope\" itemtype=\"https:\/\/schema.org\/CreativeWork\" ><a href=\"https:\/\/www.woodstickmachine.com\/fr\/portfolio-item\/ice-cream-sticks-de-polissage-dust-machine-retrait\/\" title='Ice Cream Sticks de polissage &#038; Dust machine Retrait'  data-rel='grid-1' class='grid-image avia-hover-fx'> <img decoding=\"async\" fetchpriority=\"high\" width=\"495\" height=\"400\" src=\"https:\/\/www.woodstickmachine.com\/wp-content\/uploads\/2015\/12\/Ice-Cream-Sticks-Polishing-Dust-Removing-Machine-495x400.jpg?v=1712027420\" class=\"wp-image-350 avia-img-lazy-loading-not-350 attachment-portfolio size-portfolio wp-post-image\" alt=\"Ice-Cream-Sticks-Polishing-Dust-Removing-Machine\" \/><\/a><div class='grid-content'><div class='avia-arrow'><\/div><header class=\"entry-content-header\" aria-label=\"Portfolio : Ice Cream Sticks de polissage &#038; Dust machine Retrait\"><h3 class='grid-entry-title entry-title '  itemprop=\"headline\" ><a href='https:\/\/www.woodstickmachine.com\/fr\/portfolio-item\/ice-cream-sticks-de-polissage-dust-machine-retrait\/' title='Ice Cream Sticks de polissage &#038; Dust machine Retrait'>Ice Cream Sticks de polissage &#038; Dust machine Retrait<\/a><\/h3><\/header><\/div><footer class=\"entry-footer\"><\/footer><\/article><\/div><div data-ajax-id='906' class=' grid-entry flex_column isotope-item all_sort no_margin post-entry post-entry-906 grid-entry-overview grid-loop-4 grid-parity-even  ice-cream-sticks-machine-fr_sort produits-phares_sort  av_one_third first default_av_fullwidth '><article class='main_color inner-entry'  itemscope=\"itemscope\" itemtype=\"https:\/\/schema.org\/CreativeWork\" ><a href=\"https:\/\/www.woodstickmachine.com\/fr\/portfolio-item\/type-de-roue-ice-cream-sticks-selection-machine-visuelle\/\" title='Type de roue Ice Cream Sticks S\u00e9lection machine visuelle'  data-rel='grid-1' class='grid-image avia-hover-fx'> <img decoding=\"async\" fetchpriority=\"high\" width=\"495\" height=\"400\" src=\"https:\/\/www.woodstickmachine.com\/wp-content\/uploads\/2015\/12\/Ice-Cream-Sticks-Vision-Selecting-Machine-495x400.jpg?v=1712027422\" class=\"wp-image-349 avia-img-lazy-loading-not-349 attachment-portfolio size-portfolio wp-post-image\" alt=\"Ice-Cream-Sticks-Vision-Selecting-Machine\" \/><\/a><div class='grid-content'><div class='avia-arrow'><\/div><header class=\"entry-content-header\" aria-label=\"Portfolio : Type de roue Ice Cream Sticks S\u00e9lection machine visuelle\"><h3 class='grid-entry-title entry-title '  itemprop=\"headline\" ><a href='https:\/\/www.woodstickmachine.com\/fr\/portfolio-item\/type-de-roue-ice-cream-sticks-selection-machine-visuelle\/' title='Type de roue Ice Cream Sticks S\u00e9lection machine visuelle'>Type de roue Ice Cream Sticks S\u00e9lection machine visuelle<\/a><\/h3><\/header><\/div><footer class=\"entry-footer\"><\/footer><\/article><\/div><div data-ajax-id='900' class=' grid-entry flex_column isotope-item all_sort no_margin post-entry post-entry-900 grid-entry-overview grid-loop-5 grid-parity-odd  ice-cream-sticks-machine-fr_sort produits-phares_sort  av_one_third  default_av_fullwidth '><article class='main_color inner-entry'  itemscope=\"itemscope\" itemtype=\"https:\/\/schema.org\/CreativeWork\" ><a href=\"https:\/\/www.woodstickmachine.com\/fr\/portfolio-item\/ice-cream-sticks-rotary-polissage-et-sechage-tambour\/\" title='Ice Cream Sticks Rotary polissage et s\u00e9chage tambour'  data-rel='grid-1' class='grid-image avia-hover-fx'> <img decoding=\"async\" fetchpriority=\"high\" width=\"495\" height=\"400\" src=\"https:\/\/www.woodstickmachine.com\/wp-content\/uploads\/2015\/12\/Ice-Cream-Sticks-Rotary-Polishing-Drying-Drum-495x400.jpg?v=1712027432\" class=\"wp-image-303 avia-img-lazy-loading-not-303 attachment-portfolio size-portfolio wp-post-image\" alt=\"Ice-Cream-Sticks-Rotary-Polishing-Drying-Drum\" \/><\/a><div class='grid-content'><div class='avia-arrow'><\/div><header class=\"entry-content-header\" aria-label=\"Portfolio : Ice Cream Sticks Rotary polissage et s\u00e9chage tambour\"><h3 class='grid-entry-title entry-title '  itemprop=\"headline\" ><a href='https:\/\/www.woodstickmachine.com\/fr\/portfolio-item\/ice-cream-sticks-rotary-polissage-et-sechage-tambour\/' title='Ice Cream Sticks Rotary polissage et s\u00e9chage tambour'>Ice Cream Sticks Rotary polissage et s\u00e9chage tambour<\/a><\/h3><\/header><\/div><footer class=\"entry-footer\"><\/footer><\/article><\/div><div data-ajax-id='896' class=' grid-entry flex_column isotope-item all_sort no_margin post-entry post-entry-896 grid-entry-overview grid-loop-6 grid-parity-even  ice-cream-sticks-machine-fr_sort produits-phares_sort  av_one_third  default_av_fullwidth '><article class='main_color inner-entry'  itemscope=\"itemscope\" itemtype=\"https:\/\/schema.org\/CreativeWork\" ><a href=\"https:\/\/www.woodstickmachine.com\/fr\/portfolio-item\/ice-cream-sticks-broche-rotary-machine-de-decoupage\/\" title='Ice Cream Sticks broche Rotary machine de d\u00e9coupage'  data-rel='grid-1' class='grid-image avia-hover-fx'> <img decoding=\"async\" fetchpriority=\"high\" width=\"495\" height=\"400\" src=\"https:\/\/www.woodstickmachine.com\/wp-content\/uploads\/2015\/12\/Ice-Cream-Sticks-Spindle-Rotary-Cutting-Machine-495x400.jpg?v=1712027430\" class=\"wp-image-292 avia-img-lazy-loading-not-292 attachment-portfolio size-portfolio wp-post-image\" alt=\"Ice-Cream-Sticks-Spindle-Rotary-Cutting-Machine\" \/><\/a><div class='grid-content'><div class='avia-arrow'><\/div><header class=\"entry-content-header\" aria-label=\"Portfolio : Ice Cream Sticks broche Rotary machine de d\u00e9coupage\"><h3 class='grid-entry-title entry-title '  itemprop=\"headline\" ><a href='https:\/\/www.woodstickmachine.com\/fr\/portfolio-item\/ice-cream-sticks-broche-rotary-machine-de-decoupage\/' title='Ice Cream Sticks broche Rotary machine de d\u00e9coupage'>Ice Cream Sticks broche Rotary machine de d\u00e9coupage<\/a><\/h3><\/header><\/div><footer class=\"entry-footer\"><\/footer><\/article><\/div><div data-ajax-id='892' class=' grid-entry flex_column isotope-item all_sort no_margin post-entry post-entry-892 grid-entry-overview grid-loop-7 grid-parity-odd  ice-cream-sticks-machine-fr_sort produits-phares_sort  av_one_third first default_av_fullwidth '><article class='main_color inner-entry'  itemscope=\"itemscope\" itemtype=\"https:\/\/schema.org\/CreativeWork\" ><a href=\"https:\/\/www.woodstickmachine.com\/fr\/portfolio-item\/batons-de-creme-glacee-sculpte-de-machine-de-decoupe\/\" title='B\u00e2tons de cr\u00e8me glac\u00e9e sculpt\u00e9 de machine de d\u00e9coupe'  data-rel='grid-1' class='grid-image avia-hover-fx'> <img decoding=\"async\" fetchpriority=\"high\" width=\"495\" height=\"400\" src=\"https:\/\/www.woodstickmachine.com\/wp-content\/uploads\/2015\/12\/Ice-Cream-Sticks-Carved-Cutting-Machine-495x400.jpg?v=1712027429\" class=\"wp-image-283 avia-img-lazy-loading-not-283 attachment-portfolio size-portfolio wp-post-image\" alt=\"Ice-Cream-Sticks-Carved-Cutting-Machine\" \/><\/a><div class='grid-content'><div class='avia-arrow'><\/div><header class=\"entry-content-header\" aria-label=\"Portfolio : B\u00e2tons de cr\u00e8me glac\u00e9e sculpt\u00e9 de machine de d\u00e9coupe\"><h3 class='grid-entry-title entry-title '  itemprop=\"headline\" ><a href='https:\/\/www.woodstickmachine.com\/fr\/portfolio-item\/batons-de-creme-glacee-sculpte-de-machine-de-decoupe\/' title='B\u00e2tons de cr\u00e8me glac\u00e9e sculpt\u00e9 de machine de d\u00e9coupe'>B\u00e2tons de cr\u00e8me glac\u00e9e sculpt\u00e9 de machine de d\u00e9coupe<\/a><\/h3><\/header><\/div><footer class=\"entry-footer\"><\/footer><\/article><\/div><div data-ajax-id='880' class=' grid-entry flex_column isotope-item all_sort no_margin post-entry post-entry-880 grid-entry-overview grid-loop-8 grid-parity-even  ice-cream-sticks-machine-fr_sort produits-phares_sort  av_one_third  default_av_fullwidth '><article class='main_color inner-entry'  itemscope=\"itemscope\" itemtype=\"https:\/\/schema.org\/CreativeWork\" ><a href=\"https:\/\/www.woodstickmachine.com\/fr\/portfolio-item\/batons-de-creme-glacee-commande-machine\/\" title='B\u00e2tons de cr\u00e8me glac\u00e9e Commande machine'  data-rel='grid-1' class='grid-image avia-hover-fx'> <img decoding=\"async\" fetchpriority=\"high\" width=\"495\" height=\"400\" src=\"https:\/\/www.woodstickmachine.com\/wp-content\/uploads\/2015\/12\/Full-Automatic-Ice-Cream-Sticks-Ordering-Machine-Wood-Sticks-Ordering-Machine-495x400.jpg?v=1712027425\" class=\"wp-image-277 avia-img-lazy-loading-not-277 attachment-portfolio size-portfolio wp-post-image\" alt=\"Full-Automatic-Ice-Cream-Sticks-Ordering-Machine-Wood-Sticks-Ordering-Machine\" \/><\/a><div class='grid-content'><div class='avia-arrow'><\/div><header class=\"entry-content-header\" aria-label=\"Portfolio : B\u00e2tons de cr\u00e8me glac\u00e9e Commande machine\"><h3 class='grid-entry-title entry-title '  itemprop=\"headline\" ><a href='https:\/\/www.woodstickmachine.com\/fr\/portfolio-item\/batons-de-creme-glacee-commande-machine\/' title='B\u00e2tons de cr\u00e8me glac\u00e9e Commande machine'>B\u00e2tons de cr\u00e8me glac\u00e9e Commande machine<\/a><\/h3><\/header><\/div><footer class=\"entry-footer\"><\/footer><\/article><\/div><div data-ajax-id='874' class=' grid-entry flex_column isotope-item all_sort no_margin post-entry post-entry-874 grid-entry-overview grid-loop-9 grid-parity-odd  ice-cream-sticks-machine-fr_sort produits-phares_sort  av_one_third  default_av_fullwidth '><article class='main_color inner-entry'  itemscope=\"itemscope\" itemtype=\"https:\/\/schema.org\/CreativeWork\" ><a href=\"https:\/\/www.woodstickmachine.com\/fr\/portfolio-item\/ice-cream-sticks-chanfreinage-machine\/\" title='Ice Cream Sticks Chanfreinage machine'  data-rel='grid-1' class='grid-image avia-hover-fx'> <img decoding=\"async\" fetchpriority=\"high\" width=\"495\" height=\"400\" src=\"https:\/\/www.woodstickmachine.com\/wp-content\/uploads\/2015\/12\/Full-Automatic-Ice-Cream-Sticks-Chamfering-Machine-Ice-Spoon-Chamfering-Machine-495x400.jpg?v=1712027426\" class=\"wp-image-278 avia-img-lazy-loading-not-278 attachment-portfolio size-portfolio wp-post-image\" alt=\"Full-Automatic-Ice-Cream-Sticks-Chamfering-Machine-Ice-Spoon-Chamfering-Machine\" \/><\/a><div class='grid-content'><div class='avia-arrow'><\/div><header class=\"entry-content-header\" aria-label=\"Portfolio : Ice Cream Sticks Chanfreinage machine\"><h3 class='grid-entry-title entry-title '  itemprop=\"headline\" ><a href='https:\/\/www.woodstickmachine.com\/fr\/portfolio-item\/ice-cream-sticks-chanfreinage-machine\/' title='Ice Cream Sticks Chanfreinage machine'>Ice Cream Sticks Chanfreinage machine<\/a><\/h3><\/header><\/div><footer class=\"entry-footer\"><\/footer><\/article><\/div><div data-ajax-id='870' class=' grid-entry flex_column isotope-item all_sort no_margin post-entry post-entry-870 grid-entry-overview grid-loop-10 grid-parity-even  ice-cream-sticks-machine-fr_sort produits-phares_sort  av_one_third first default_av_fullwidth '><article class='main_color inner-entry'  itemscope=\"itemscope\" itemtype=\"https:\/\/schema.org\/CreativeWork\" ><a href=\"https:\/\/www.woodstickmachine.com\/fr\/portfolio-item\/ice-cream-sticks-branding-machine\/\" title='Ice Cream Sticks Branding Machine'  data-rel='grid-1' class='grid-image avia-hover-fx'> <img decoding=\"async\" fetchpriority=\"high\" width=\"495\" height=\"400\" src=\"https:\/\/www.woodstickmachine.com\/wp-content\/uploads\/2015\/12\/Ice-Cream-Sticks-Branding-Machine-Ice-Spoon-Branding-Machine-495x400.jpg?v=1712027428\" class=\"wp-image-279 avia-img-lazy-loading-not-279 attachment-portfolio size-portfolio wp-post-image\" alt=\"Ice-Cream-Sticks-Branding-Machine-Ice-Spoon-Branding-Machine\" \/><\/a><div class='grid-content'><div class='avia-arrow'><\/div><header class=\"entry-content-header\" aria-label=\"Portfolio : Ice Cream Sticks Branding Machine\"><h3 class='grid-entry-title entry-title '  itemprop=\"headline\" ><a href='https:\/\/www.woodstickmachine.com\/fr\/portfolio-item\/ice-cream-sticks-branding-machine\/' title='Ice Cream Sticks Branding Machine'>Ice Cream Sticks Branding Machine<\/a><\/h3><\/header><\/div><footer class=\"entry-footer\"><\/footer><\/article><\/div><div data-ajax-id='863' class=' grid-entry flex_column isotope-item all_sort no_margin post-entry post-entry-863 grid-entry-overview grid-loop-11 grid-parity-odd  ice-cream-sticks-machine-fr_sort produits-phares_sort  av_one_third  default_av_fullwidth '><article class='main_color inner-entry'  itemscope=\"itemscope\" itemtype=\"https:\/\/schema.org\/CreativeWork\" ><a href=\"https:\/\/www.woodstickmachine.com\/fr\/portfolio-item\/batons-de-creme-glacee-bundling-machine\/\" title='B\u00e2tons de cr\u00e8me glac\u00e9e Bundling machine'  data-rel='grid-1' class='grid-image avia-hover-fx'> <img decoding=\"async\" fetchpriority=\"high\" width=\"495\" height=\"400\" src=\"https:\/\/www.woodstickmachine.com\/wp-content\/uploads\/2015\/12\/Full-Automatic-High-Speed-Ice-Cream-Sticks-Bundling-Machine-495x400.jpg?v=1712027435\" class=\"wp-image-269 avia-img-lazy-loading-not-269 attachment-portfolio size-portfolio wp-post-image\" alt=\"Full-Automatic-High-Speed-Ice-Cream-Sticks-Bundling-Machine\" \/><\/a><div class='grid-content'><div class='avia-arrow'><\/div><header class=\"entry-content-header\" aria-label=\"Portfolio : B\u00e2tons de cr\u00e8me glac\u00e9e Bundling machine\"><h3 class='grid-entry-title entry-title '  itemprop=\"headline\" ><a href='https:\/\/www.woodstickmachine.com\/fr\/portfolio-item\/batons-de-creme-glacee-bundling-machine\/' title='B\u00e2tons de cr\u00e8me glac\u00e9e Bundling machine'>B\u00e2tons de cr\u00e8me glac\u00e9e Bundling machine<\/a><\/h3><\/header><\/div><footer class=\"entry-footer\"><\/footer><\/article><\/div><div data-ajax-id='862' class=' grid-entry flex_column isotope-item all_sort no_margin post-entry post-entry-862 grid-entry-overview grid-loop-12 grid-parity-even  post-entry-last  ice-cream-sticks-machine-fr_sort produits-phares_sort  av_one_third  default_av_fullwidth '><article class='main_color inner-entry'  itemscope=\"itemscope\" itemtype=\"https:\/\/schema.org\/CreativeWork\" ><a href=\"https:\/\/www.woodstickmachine.com\/fr\/portfolio-item\/batons-de-creme-glacee-selection-automatique\/\" title='B\u00e2tons de cr\u00e8me glac\u00e9e S\u00e9lection automatique'  data-rel='grid-1' class='grid-image avia-hover-fx'> <img decoding=\"async\" fetchpriority=\"high\" width=\"495\" height=\"400\" src=\"https:\/\/www.woodstickmachine.com\/wp-content\/uploads\/2015\/12\/Ice-Cream-Sticks-Selecting-Machine-495x400.jpg?v=1712027433\" class=\"wp-image-270 avia-img-lazy-loading-not-270 attachment-portfolio size-portfolio wp-post-image\" alt=\"Ice-Cream-Sticks-Selecting-Machine\" \/><\/a><div class='grid-content'><div class='avia-arrow'><\/div><header class=\"entry-content-header\" aria-label=\"Portfolio : B\u00e2tons de cr\u00e8me glac\u00e9e S\u00e9lection automatique\"><h3 class='grid-entry-title entry-title '  itemprop=\"headline\" ><a href='https:\/\/www.woodstickmachine.com\/fr\/portfolio-item\/batons-de-creme-glacee-selection-automatique\/' title='B\u00e2tons de cr\u00e8me glac\u00e9e S\u00e9lection automatique'>B\u00e2tons de cr\u00e8me glac\u00e9e S\u00e9lection automatique<\/a><\/h3><\/header><\/div><footer class=\"entry-footer\"><\/footer><\/article><\/div><\/div><\/div>   <!--   class=\"av-portfolio-grid-sorting-container\"  --><\/div>\n","protected":false},"excerpt":{"rendered":"","protected":false},"author":2,"featured_media":0,"parent":730,"menu_order":0,"comment_status":"closed","ping_status":"closed","template":"","meta":{"footnotes":""},"class_list":["post-590","page","type-page","status-publish","hentry"],"aioseo_notices":[],"_links":{"self":[{"href":"https:\/\/www.woodstickmachine.com\/fr\/wp-json\/wp\/v2\/pages\/590","targetHints":{"allow":["GET"]}}],"collection":[{"href":"https:\/\/www.woodstickmachine.com\/fr\/wp-json\/wp\/v2\/pages"}],"about":[{"href":"https:\/\/www.woodstickmachine.com\/fr\/wp-json\/wp\/v2\/types\/page"}],"author":[{"embeddable":true,"href":"https:\/\/www.woodstickmachine.com\/fr\/wp-json\/wp\/v2\/users\/2"}],"replies":[{"embeddable":true,"href":"https:\/\/www.woodstickmachine.com\/fr\/wp-json\/wp\/v2\/comments?post=590"}],"version-history":[{"count":0,"href":"https:\/\/www.woodstickmachine.com\/fr\/wp-json\/wp\/v2\/pages\/590\/revisions"}],"up":[{"embeddable":true,"href":"https:\/\/www.woodstickmachine.com\/fr\/wp-json\/wp\/v2\/pages\/730"}],"wp:attachment":[{"href":"https:\/\/www.woodstickmachine.com\/fr\/wp-json\/wp\/v2\/media?parent=590"}],"curies":[{"name":"wp","href":"https:\/\/api.w.org\/{rel}","templated":true}]}}