{"id":574,"date":"2015-12-24T06:46:11","date_gmt":"2015-12-24T06:46:11","guid":{"rendered":"http:\/\/www.woodstickmachine.com\/fr\/?page_id=574"},"modified":"2015-12-24T06:46:11","modified_gmt":"2015-12-24T06:46:11","slug":"agitateur-de-cafe-making-machine","status":"publish","type":"page","link":"https:\/\/www.woodstickmachine.com\/fr\/produits\/agitateur-de-cafe-making-machine\/","title":{"rendered":"Agitateur de caf\u00e9 Making Machine"},"content":{"rendered":"\n<style type=\"text\/css\" data-created_by=\"avia_inline_auto\" id=\"style-css-av-av_one_full-9497bbf8bff73ea4c6992cc17fa9ec36\">\n.flex_column.av-av_one_full-9497bbf8bff73ea4c6992cc17fa9ec36{\nborder-radius:0px 0px 0px 0px;\npadding:0px 0px 0px 0px;\n}\n<\/style>\n<div  class='flex_column av-av_one_full-9497bbf8bff73ea4c6992cc17fa9ec36 av_one_full  avia-builder-el-0  avia-builder-el-no-sibling  first flex_column_div av-zero-column-padding  '     ><div id='av-masonry-1' class='av-masonry av-av_masonry_entries-24983b1ec82c9ce78f366fa6b27f0d26 noHover av-fixed-size av-1px-gap av-hover-overlay-active av-masonry-animation-active av-masonry-col-flexible av-caption-always av-caption-style- av-masonry-entries ' data-post_id=\"574\"><div class='av-masonry-sort main_color av-sort-yes' data-masonry-id='1' ><div class='av-sort-by-term  ' data-av-allowed-sort='[\"batons-de-bois-rond-machine_sort\",\"bois-couverts-making-machine_sort\",\"ice-cream-spoon-making-machine-fr_sort\",\"ice-cream-sticks-machine-fr_sort\",\"produits-fr_sort\",\"produits-phares_sort\",\"tongue-machine-abaisse_sort\"]' ><a href=\"#\" data-filter=\"all_sort\" class=\"all_sort_button active_sort\"><span class=\"inner_sort_button\"><span>Tout<\/span><small class=\"avia-term-count\"> 12 <\/small><\/span><\/a><span class='text-sep batons-de-bois-rond-machine_sort_sep avia_show_sort'>\/<\/span><a href=\"#\" data-filter=\"batons-de-bois-rond-machine_sort\" class=\"batons-de-bois-rond-machine_sort_button avia_show_sort\" ><span class=\"inner_sort_button\"><span>B\u00e2tons de bois rond machine<\/span><small class='avia-term-count'> 2 <\/small><\/span><\/a><span class='text-sep bois-couverts-making-machine_sort_sep avia_show_sort'>\/<\/span><a href=\"#\" data-filter=\"bois-couverts-making-machine_sort\" class=\"bois-couverts-making-machine_sort_button avia_show_sort\" ><span class=\"inner_sort_button\"><span>Bois Couverts Making Machine<\/span><small class='avia-term-count'> 1 <\/small><\/span><\/a><span class='text-sep ice-cream-spoon-making-machine-fr_sort_sep avia_show_sort'>\/<\/span><a href=\"#\" data-filter=\"ice-cream-spoon-making-machine-fr_sort\" class=\"ice-cream-spoon-making-machine-fr_sort_button avia_show_sort\" ><span class=\"inner_sort_button\"><span>Ice Cream Spoon Making Machine<\/span><small class='avia-term-count'> 2 <\/small><\/span><\/a><span class='text-sep ice-cream-sticks-machine-fr_sort_sep avia_show_sort'>\/<\/span><a href=\"#\" data-filter=\"ice-cream-sticks-machine-fr_sort\" class=\"ice-cream-sticks-machine-fr_sort_button avia_show_sort\" ><span class=\"inner_sort_button\"><span>Ice Cream Sticks Machine<\/span><small class='avia-term-count'> 6 <\/small><\/span><\/a><span class='text-sep produits-fr_sort_sep avia_hide_sort'>\/<\/span><a href=\"#\" data-filter=\"produits-fr_sort\" class=\"produits-fr_sort_button avia_hide_sort\" ><span class=\"inner_sort_button\"><span>Produits<\/span><small class='avia-term-count'> 0 <\/small><\/span><\/a><span class='text-sep produits-phares_sort_sep avia_show_sort'>\/<\/span><a href=\"#\" data-filter=\"produits-phares_sort\" class=\"produits-phares_sort_button avia_show_sort\" ><span class=\"inner_sort_button\"><span>Produits Phares<\/span><small class='avia-term-count'> 7 <\/small><\/span><\/a><span class='text-sep tongue-machine-abaisse_sort_sep avia_show_sort'>\/<\/span><a href=\"#\" data-filter=\"tongue-machine-abaisse_sort\" class=\"tongue-machine-abaisse_sort_button avia_show_sort\" ><span class=\"inner_sort_button\"><span>Tongue machine Abaisse<\/span><small class='avia-term-count'> 1 <\/small><\/span><\/a><\/div><\/div><div class=\"av-masonry-container isotope av-js-disabled\"><div class='av-masonry-entry isotope-item av-masonry-item-no-image all_sort batons-de-bois-rond-machine_sort  ice-cream-spoon-making-machine-fr_sort  bois-couverts-making-machine_sort  produits-phares_sort  ice-cream-sticks-machine-fr_sort  tongue-machine-abaisse_sort '><\/div><a href=\"https:\/\/www.woodstickmachine.com\/fr\/portfolio-item\/batons-de-bois-rond-counting-selection-automatique\/\"  id='av-masonry-1-item-998' data-av-masonry-item='998' class='av-masonry-entry isotope-item post-998 portfolio type-portfolio status-publish has-post-thumbnail hentry tag-bar-en-bois-rond-making-machine tag-batons-de-bois-rond-counting-selection-automatique tag-le-bois-rond-baton-making-machine portfolio_entries-batons-de-bois-rond-machine all_sort batons-de-bois-rond-machine_sort  av-masonry-item-with-image av-grid-img' title=\"Round-Wood-Sticks-Counting-and-Selecting-Machine\"   itemscope=\"itemscope\" itemtype=\"https:\/\/schema.org\/CreativeWork\" ><div class='av-inner-masonry-sizer'><\/div><figure class='av-inner-masonry main_color'><div class=\"av-masonry-outerimage-container\"><div class='av-masonry-image-container' style=\"background-image: url(https:\/\/www.woodstickmachine.com\/wp-content\/uploads\/2015\/12\/Round-Wood-Sticks-Counting-and-Selecting-Machine-705x469.jpg?v=1712027400);\"  title=\"Round-Wood-Sticks-Counting-and-Selecting-Machine\" ><\/div><\/div><figcaption class='av-inner-masonry-content site-background'><div class='av-inner-masonry-content-pos'><div class='av-inner-masonry-content-pos-content'><div class='avia-arrow'><\/div><h3 class='av-masonry-entry-title entry-title '  itemprop=\"headline\" >B\u00e2tons de bois rond Counting &#038; S\u00e9lection automatique<\/h3><\/div><\/div><\/figcaption><\/figure><\/a><!--end av-masonry entry--><a href=\"https:\/\/www.woodstickmachine.com\/fr\/portfolio-item\/ice-cream-spoon-regroupement-machine\/\"  id='av-masonry-1-item-991' data-av-masonry-item='991' class='av-masonry-entry isotope-item post-991 portfolio type-portfolio status-publish has-post-thumbnail hentry tag-bois-magnum-making-machine tag-ice-cream-spoon-making-machine tag-ice-cream-spoon-regroupement-machine tag-machine-de-fabrication-de-glace-cuillere portfolio_entries-ice-cream-spoon-making-machine-fr all_sort ice-cream-spoon-making-machine-fr_sort  av-masonry-item-with-image av-grid-img' title=\"Ice-Cream-Spoon-Bundling-Machine\"   itemscope=\"itemscope\" itemtype=\"https:\/\/schema.org\/CreativeWork\" ><div class='av-inner-masonry-sizer'><\/div><figure class='av-inner-masonry main_color'><div class=\"av-masonry-outerimage-container\"><div class='av-masonry-image-container' style=\"background-image: url(https:\/\/www.woodstickmachine.com\/wp-content\/uploads\/2015\/12\/Ice-Cream-Spoon-Bundling-Machine-705x430.jpg?v=1712027392);\"  title=\"Ice-Cream-Spoon-Bundling-Machine\" ><\/div><\/div><figcaption class='av-inner-masonry-content site-background'><div class='av-inner-masonry-content-pos'><div class='av-inner-masonry-content-pos-content'><div class='avia-arrow'><\/div><h3 class='av-masonry-entry-title entry-title '  itemprop=\"headline\" >Ice Cream Spoon Regroupement machine<\/h3><\/div><\/div><\/figcaption><\/figure><\/a><!--end av-masonry entry--><a href=\"https:\/\/www.woodstickmachine.com\/fr\/portfolio-item\/bois-couverts-spoon-forks-hot-press-machine-de-formage\/\"  id='av-masonry-1-item-987' data-av-masonry-item='987' class='av-masonry-entry isotope-item post-987 portfolio type-portfolio status-publish has-post-thumbnail hentry tag-bois-couverts-spoon-forks-hot-press-machine-de-formage portfolio_entries-bois-couverts-making-machine portfolio_entries-produits-phares all_sort bois-couverts-making-machine_sort  produits-phares_sort  av-masonry-item-with-image av-grid-img' title=\"Disposable-Wooden-Spoon-Making-Machine-Disposable-Wooden-Forks-Making-Machine\"   itemscope=\"itemscope\" itemtype=\"https:\/\/schema.org\/CreativeWork\" ><div class='av-inner-masonry-sizer'><\/div><figure class='av-inner-masonry main_color'><div class=\"av-masonry-outerimage-container\"><div class='av-masonry-image-container' style=\"background-image: url(https:\/\/www.woodstickmachine.com\/wp-content\/uploads\/2015\/12\/Disposable-Wooden-Spoon-Making-Machine-Disposable-Wooden-Forks-Making-Machine-705x518.jpg?v=1712027407);\"  title=\"Disposable-Wooden-Spoon-Making-Machine-Disposable-Wooden-Forks-Making-Machine\" ><\/div><\/div><figcaption class='av-inner-masonry-content site-background'><div class='av-inner-masonry-content-pos'><div class='av-inner-masonry-content-pos-content'><div class='avia-arrow'><\/div><h3 class='av-masonry-entry-title entry-title '  itemprop=\"headline\" >Bois Couverts Spoon &#038; Forks Hot Press machine de formage<\/h3><\/div><\/div><\/figcaption><\/figure><\/a><!--end av-masonry entry--><a href=\"https:\/\/www.woodstickmachine.com\/fr\/portfolio-item\/hopper-feeder-ice-cream-sticks-branding-machine\/\"  id='av-masonry-1-item-981' data-av-masonry-item='981' class='av-masonry-entry isotope-item post-981 portfolio type-portfolio status-publish has-post-thumbnail hentry tag-hopper-feeder-ice-cream-sticks-branding-machine tag-ice-cream-sticks-making-machine portfolio_entries-ice-cream-sticks-machine-fr all_sort ice-cream-sticks-machine-fr_sort  av-masonry-item-with-image av-grid-img' title=\"Hopper-Feeder-Ice-Cream-Sticks-Branding-Machine\"   itemscope=\"itemscope\" itemtype=\"https:\/\/schema.org\/CreativeWork\" ><div class='av-inner-masonry-sizer'><\/div><figure class='av-inner-masonry main_color'><div class=\"av-masonry-outerimage-container\"><div class='av-masonry-image-container' style=\"background-image: url(https:\/\/www.woodstickmachine.com\/wp-content\/uploads\/2015\/12\/Hopper-Feeder-Ice-Cream-Sticks-Branding-Machine-705x520.jpg);\"  title=\"Hopper-Feeder-Ice-Cream-Sticks-Branding-Machine\" ><\/div><\/div><figcaption class='av-inner-masonry-content site-background'><div class='av-inner-masonry-content-pos'><div class='av-inner-masonry-content-pos-content'><div class='avia-arrow'><\/div><h3 class='av-masonry-entry-title entry-title '  itemprop=\"headline\" >Hopper Feeder Ice Cream Sticks Branding Machine<\/h3><\/div><\/div><\/figcaption><\/figure><\/a><!--end av-masonry entry--><a href=\"https:\/\/www.woodstickmachine.com\/fr\/portfolio-item\/woody-batten-keating-mahina\/\"  id='av-masonry-1-item-968' data-av-masonry-item='968' class='av-masonry-entry isotope-item post-968 portfolio type-portfolio status-publish hentry tag-woody-batten-keating-mahina portfolio_entries-batons-de-bois-rond-machine all_sort batons-de-bois-rond-machine_sort  av-masonry-item-no-image' title=\"Woody Batten Keating Mahina\"   itemscope=\"itemscope\" itemtype=\"https:\/\/schema.org\/CreativeWork\" ><div class='av-inner-masonry-sizer'><\/div><figure class='av-inner-masonry main_color'><figcaption class='av-inner-masonry-content site-background'><div class='av-inner-masonry-content-pos'><div class='av-inner-masonry-content-pos-content'><div class='avia-arrow'><\/div><h3 class='av-masonry-entry-title entry-title '  itemprop=\"headline\" >Woody Batten Keating Mahina<\/h3><\/div><\/div><\/figcaption><\/figure><\/a><!--end av-masonry entry--><a href=\"https:\/\/www.woodstickmachine.com\/fr\/portfolio-item\/machine-a-creme-glacee-cuillere-chanfreinage\/\"  id='av-masonry-1-item-952' data-av-masonry-item='952' class='av-masonry-entry isotope-item post-952 portfolio type-portfolio status-publish has-post-thumbnail hentry tag-bois-magnum-making-machine tag-ice-cream-spoon-making-machine tag-machine-a-creme-glacee-cuillere-chanfreinage tag-machine-de-fabrication-de-glace-cuillere portfolio_entries-ice-cream-spoon-making-machine-fr portfolio_entries-produits-phares all_sort ice-cream-spoon-making-machine-fr_sort  produits-phares_sort  av-masonry-item-with-image av-landscape-img' title=\"Ice-Cream-Spoon-Chamfering-Machine\"   itemscope=\"itemscope\" itemtype=\"https:\/\/schema.org\/CreativeWork\" ><div class='av-inner-masonry-sizer'><\/div><figure class='av-inner-masonry main_color'><div class=\"av-masonry-outerimage-container\"><div class='av-masonry-image-container' style=\"background-image: url(https:\/\/www.woodstickmachine.com\/wp-content\/uploads\/2015\/12\/Ice-Cream-Spoon-Chamfering-Machine-705x396.jpg?v=1712027395);\"  title=\"Ice-Cream-Spoon-Chamfering-Machine\" ><\/div><\/div><figcaption class='av-inner-masonry-content site-background'><div class='av-inner-masonry-content-pos'><div class='av-inner-masonry-content-pos-content'><div class='avia-arrow'><\/div><h3 class='av-masonry-entry-title entry-title '  itemprop=\"headline\" >Machine \u00e0 cr\u00e8me glac\u00e9e Cuill\u00e8re Chanfreinage<\/h3><\/div><\/div><\/figcaption><\/figure><\/a><!--end av-masonry entry--><a href=\"https:\/\/www.woodstickmachine.com\/fr\/portfolio-item\/quatre-side-tongue-etancheite-abaisse-machine-a-emballer\/\"  id='av-masonry-1-item-947' data-av-masonry-item='947' class='av-masonry-entry isotope-item post-947 portfolio type-portfolio status-publish has-post-thumbnail hentry tag-abaisse-langue-faisant-la-machine tag-quatre-side-tongue-etancheite-abaisse-machine-a-emballer portfolio_entries-produits-phares portfolio_entries-tongue-machine-abaisse all_sort produits-phares_sort  tongue-machine-abaisse_sort  av-masonry-item-with-image av-grid-img' title=\"Automatic-Tongue-Depressor-Four-Side-Sealing-Packing-Machine\"   itemscope=\"itemscope\" itemtype=\"https:\/\/schema.org\/CreativeWork\" ><div class='av-inner-masonry-sizer'><\/div><figure class='av-inner-masonry main_color'><div class=\"av-masonry-outerimage-container\"><div class='av-masonry-image-container' style=\"background-image: url(https:\/\/www.woodstickmachine.com\/wp-content\/uploads\/2015\/12\/Automatic-Tongue-Depressor-Four-Side-Sealing-Packing-Machine-705x584.jpg?v=1712027401);\"  title=\"Automatic-Tongue-Depressor-Four-Side-Sealing-Packing-Machine\" ><\/div><\/div><figcaption class='av-inner-masonry-content site-background'><div class='av-inner-masonry-content-pos'><div class='av-inner-masonry-content-pos-content'><div class='avia-arrow'><\/div><h3 class='av-masonry-entry-title entry-title '  itemprop=\"headline\" >Quatre Side Tongue \u00e9tanch\u00e9it\u00e9 Abaisse machine \u00e0 emballer<\/h3><\/div><\/div><\/figcaption><\/figure><\/a><!--end av-masonry entry--><a href=\"https:\/\/www.woodstickmachine.com\/fr\/portfolio-item\/ice-cream-sticks-carton-machine-de-remplissage\/\"  id='av-masonry-1-item-915' data-av-masonry-item='915' class='av-masonry-entry isotope-item post-915 portfolio type-portfolio status-publish has-post-thumbnail hentry tag-ice-cream-sticks-carton-machine-de-remplissage tag-ice-cream-sticks-making-machine portfolio_entries-ice-cream-sticks-machine-fr all_sort ice-cream-sticks-machine-fr_sort  av-masonry-item-with-image av-grid-img' title=\"Ice-Cream-Sticks-Box-Filling-Machine\"   itemscope=\"itemscope\" itemtype=\"https:\/\/schema.org\/CreativeWork\" ><div class='av-inner-masonry-sizer'><\/div><figure class='av-inner-masonry main_color'><div class=\"av-masonry-outerimage-container\"><div class='av-masonry-image-container' style=\"background-image: url(https:\/\/www.woodstickmachine.com\/wp-content\/uploads\/2015\/12\/Ice-Cream-Sticks-Box-Filling-Machine1-705x489.jpg?v=1712027404);\"  title=\"Ice-Cream-Sticks-Box-Filling-Machine\" ><\/div><\/div><figcaption class='av-inner-masonry-content site-background'><div class='av-inner-masonry-content-pos'><div class='av-inner-masonry-content-pos-content'><div class='avia-arrow'><\/div><h3 class='av-masonry-entry-title entry-title '  itemprop=\"headline\" >Ice Cream Sticks Carton machine de remplissage<\/h3><\/div><\/div><\/figcaption><\/figure><\/a><!--end av-masonry entry--><a href=\"https:\/\/www.woodstickmachine.com\/fr\/portfolio-item\/ice-cream-sticks-de-polissage-dust-machine-retrait\/\"  id='av-masonry-1-item-910' data-av-masonry-item='910' class='av-masonry-entry isotope-item post-910 portfolio type-portfolio status-publish has-post-thumbnail hentry tag-batons-de-creme-glacee-faisant-la-machine tag-ice-cream-sticks-de-polissage-dust-machine-retrait portfolio_entries-ice-cream-sticks-machine-fr portfolio_entries-produits-phares all_sort ice-cream-sticks-machine-fr_sort  produits-phares_sort  av-masonry-item-with-image av-grid-img' title=\"Ice-Cream-Sticks-Polishing-Dust-Removing-Machine\"   itemscope=\"itemscope\" itemtype=\"https:\/\/schema.org\/CreativeWork\" ><div class='av-inner-masonry-sizer'><\/div><figure class='av-inner-masonry main_color'><div class=\"av-masonry-outerimage-container\"><div class='av-masonry-image-container' style=\"background-image: url(https:\/\/www.woodstickmachine.com\/wp-content\/uploads\/2015\/12\/Ice-Cream-Sticks-Polishing-Dust-Removing-Machine-705x456.jpg?v=1712027420);\"  title=\"Ice-Cream-Sticks-Polishing-Dust-Removing-Machine\" ><\/div><\/div><figcaption class='av-inner-masonry-content site-background'><div class='av-inner-masonry-content-pos'><div class='av-inner-masonry-content-pos-content'><div class='avia-arrow'><\/div><h3 class='av-masonry-entry-title entry-title '  itemprop=\"headline\" >Ice Cream Sticks de polissage &#038; Dust machine Retrait<\/h3><\/div><\/div><\/figcaption><\/figure><\/a><!--end av-masonry entry--><a href=\"https:\/\/www.woodstickmachine.com\/fr\/portfolio-item\/type-de-roue-ice-cream-sticks-selection-machine-visuelle\/\"  id='av-masonry-1-item-906' data-av-masonry-item='906' class='av-masonry-entry isotope-item post-906 portfolio type-portfolio status-publish has-post-thumbnail hentry tag-batons-de-creme-glacee-faisant-la-machine tag-type-de-roue-ice-cream-sticks-selection-machine-visuelle portfolio_entries-ice-cream-sticks-machine-fr portfolio_entries-produits-phares all_sort ice-cream-sticks-machine-fr_sort  produits-phares_sort  av-masonry-item-with-image av-grid-img' title=\"Ice-Cream-Sticks-Vision-Selecting-Machine\"   itemscope=\"itemscope\" itemtype=\"https:\/\/schema.org\/CreativeWork\" ><div class='av-inner-masonry-sizer'><\/div><figure class='av-inner-masonry main_color'><div class=\"av-masonry-outerimage-container\"><div class='av-masonry-image-container' style=\"background-image: url(https:\/\/www.woodstickmachine.com\/wp-content\/uploads\/2015\/12\/Ice-Cream-Sticks-Vision-Selecting-Machine-705x531.jpg?v=1712027422);\"  title=\"Ice-Cream-Sticks-Vision-Selecting-Machine\" ><\/div><\/div><figcaption class='av-inner-masonry-content site-background'><div class='av-inner-masonry-content-pos'><div class='av-inner-masonry-content-pos-content'><div class='avia-arrow'><\/div><h3 class='av-masonry-entry-title entry-title '  itemprop=\"headline\" >Type de roue Ice Cream Sticks S\u00e9lection machine visuelle<\/h3><\/div><\/div><\/figcaption><\/figure><\/a><!--end av-masonry entry--><a href=\"https:\/\/www.woodstickmachine.com\/fr\/portfolio-item\/ice-cream-sticks-rotary-polissage-et-sechage-tambour\/\"  id='av-masonry-1-item-900' data-av-masonry-item='900' class='av-masonry-entry isotope-item post-900 portfolio type-portfolio status-publish has-post-thumbnail hentry tag-batons-de-creme-glacee-faisant-la-machine tag-ice-cream-sticks-rotary-polissage-et-sechage-tambour portfolio_entries-ice-cream-sticks-machine-fr portfolio_entries-produits-phares all_sort ice-cream-sticks-machine-fr_sort  produits-phares_sort  av-masonry-item-with-image av-grid-img' title=\"Ice-Cream-Sticks-Rotary-Polishing-Drying-Drum\"   itemscope=\"itemscope\" itemtype=\"https:\/\/schema.org\/CreativeWork\" ><div class='av-inner-masonry-sizer'><\/div><figure class='av-inner-masonry main_color'><div class=\"av-masonry-outerimage-container\"><div class='av-masonry-image-container' style=\"background-image: url(https:\/\/www.woodstickmachine.com\/wp-content\/uploads\/2015\/12\/Ice-Cream-Sticks-Rotary-Polishing-Drying-Drum-705x464.jpg?v=1712027432);\"  title=\"Ice-Cream-Sticks-Rotary-Polishing-Drying-Drum\" ><\/div><\/div><figcaption class='av-inner-masonry-content site-background'><div class='av-inner-masonry-content-pos'><div class='av-inner-masonry-content-pos-content'><div class='avia-arrow'><\/div><h3 class='av-masonry-entry-title entry-title '  itemprop=\"headline\" >Ice Cream Sticks Rotary polissage et s\u00e9chage tambour<\/h3><\/div><\/div><\/figcaption><\/figure><\/a><!--end av-masonry entry--><a href=\"https:\/\/www.woodstickmachine.com\/fr\/portfolio-item\/ice-cream-sticks-broche-rotary-machine-de-decoupage\/\"  id='av-masonry-1-item-896' data-av-masonry-item='896' class='av-masonry-entry isotope-item post-896 portfolio type-portfolio status-publish has-post-thumbnail hentry tag-batons-de-creme-glacee-faisant-la-machine tag-ice-cream-sticks-broche-rotary-machine-de-decoupage portfolio_entries-ice-cream-sticks-machine-fr portfolio_entries-produits-phares all_sort ice-cream-sticks-machine-fr_sort  produits-phares_sort  av-masonry-item-with-image av-grid-img' title=\"Ice-Cream-Sticks-Spindle-Rotary-Cutting-Machine\"   itemscope=\"itemscope\" itemtype=\"https:\/\/schema.org\/CreativeWork\" ><div class='av-inner-masonry-sizer'><\/div><figure class='av-inner-masonry main_color'><div class=\"av-masonry-outerimage-container\"><div class='av-masonry-image-container' style=\"background-image: url(https:\/\/www.woodstickmachine.com\/wp-content\/uploads\/2015\/12\/Ice-Cream-Sticks-Spindle-Rotary-Cutting-Machine-705x461.jpg?v=1712027430);\"  title=\"Ice-Cream-Sticks-Spindle-Rotary-Cutting-Machine\" ><\/div><\/div><figcaption class='av-inner-masonry-content site-background'><div class='av-inner-masonry-content-pos'><div class='av-inner-masonry-content-pos-content'><div class='avia-arrow'><\/div><h3 class='av-masonry-entry-title entry-title '  itemprop=\"headline\" >Ice Cream Sticks broche Rotary machine de d\u00e9coupage<\/h3><\/div><\/div><\/figcaption><\/figure><\/a><!--end av-masonry entry--><\/div><div class='av-masonry-pagination av-masonry-pagination-pagination'><nav class='pagination'><span class='pagination-meta'>Page 1 sur 2<\/span><span class='current'>1<\/span><a href='https:\/\/www.woodstickmachine.com\/fr\/wp-json\/wp\/v2\/pages\/574\/?avia-element-paging=2' class='inactive next_page' >2<\/a><\/nav>\n<\/div><\/div><\/div>\n","protected":false},"excerpt":{"rendered":"","protected":false},"author":2,"featured_media":0,"parent":730,"menu_order":0,"comment_status":"closed","ping_status":"closed","template":"","meta":{"footnotes":""},"class_list":["post-574","page","type-page","status-publish","hentry"],"aioseo_notices":[],"_links":{"self":[{"href":"https:\/\/www.woodstickmachine.com\/fr\/wp-json\/wp\/v2\/pages\/574","targetHints":{"allow":["GET"]}}],"collection":[{"href":"https:\/\/www.woodstickmachine.com\/fr\/wp-json\/wp\/v2\/pages"}],"about":[{"href":"https:\/\/www.woodstickmachine.com\/fr\/wp-json\/wp\/v2\/types\/page"}],"author":[{"embeddable":true,"href":"https:\/\/www.woodstickmachine.com\/fr\/wp-json\/wp\/v2\/users\/2"}],"replies":[{"embeddable":true,"href":"https:\/\/www.woodstickmachine.com\/fr\/wp-json\/wp\/v2\/comments?post=574"}],"version-history":[{"count":0,"href":"https:\/\/www.woodstickmachine.com\/fr\/wp-json\/wp\/v2\/pages\/574\/revisions"}],"up":[{"embeddable":true,"href":"https:\/\/www.woodstickmachine.com\/fr\/wp-json\/wp\/v2\/pages\/730"}],"wp:attachment":[{"href":"https:\/\/www.woodstickmachine.com\/fr\/wp-json\/wp\/v2\/media?parent=574"}],"curies":[{"name":"wp","href":"https:\/\/api.w.org\/{rel}","templated":true}]}}