{"id":584,"date":"2015-12-24T06:49:07","date_gmt":"2015-12-24T06:49:07","guid":{"rendered":"http:\/\/www.woodstickmachine.com\/es\/?page_id=584"},"modified":"2015-12-24T06:49:07","modified_gmt":"2015-12-24T06:49:07","slug":"cuchara-del-helado-que-hace-la-maquina","status":"publish","type":"page","link":"https:\/\/www.woodstickmachine.com\/es\/productos\/cuchara-del-helado-que-hace-la-maquina\/","title":{"rendered":"Cuchara del helado que hace la m\u00e1quina"},"content":{"rendered":"\n<style type=\"text\/css\" data-created_by=\"avia_inline_auto\" id=\"style-css-av-av_one_full-40e04e59702ace7aa4422b20c9839dbe\">\n.flex_column.av-av_one_full-40e04e59702ace7aa4422b20c9839dbe{\nborder-radius:0px 0px 0px 0px;\npadding:0px 0px 0px 0px;\n}\n<\/style>\n<div  class='flex_column av-av_one_full-40e04e59702ace7aa4422b20c9839dbe av_one_full  avia-builder-el-0  avia-builder-el-no-sibling  first flex_column_div av-zero-column-padding  '     ><div  id=\"av-sc-portfolio-1\"  class=\"av-portfolio-grid-sorting-container\"><div class='sort_width_container  av-sort-yes' data-portfolio-id='1' ><div id='js_sort_items' ><div class='sort_by_cat hidden'><a href=\"#\" data-filter=\"all_sort\" class=\"all_sort_button active_sort\"><span class=\"inner_sort_button\"><span>Todo<\/span><small class=\"av-cat-count\"> 2 <\/small><\/span><\/a><span class=\"text-sep cuchara-del-helado-que-hace-la-maquina_sort_sep\">\/<\/span><a href=\"#\" data-filter=\"cuchara-del-helado-que-hace-la-maquina_sort\" class=\"cuchara-del-helado-que-hace-la-maquina_sort_button\" ><span class=\"inner_sort_button\"><span>Cuchara del helado que hace la m\u00e1quina<\/span><small class=\"av-cat-count\"> 2 <\/small><\/span><\/a><\/div><\/div><\/div><div  class=' grid-sort-container isotope   no_margin-container with-excerpt-container grid-total-even grid-col-3 grid-links-' data-portfolio-id='1'><div data-ajax-id='993' class=' grid-entry flex_column isotope-item all_sort no_margin post-entry post-entry-993 grid-entry-overview grid-loop-1 grid-parity-odd  cuchara-del-helado-que-hace-la-maquina_sort  av_one_third first default_av_fullwidth '><article class='main_color inner-entry'  itemscope=\"itemscope\" itemtype=\"https:\/\/schema.org\/CreativeWork\" ><a href=\"https:\/\/www.woodstickmachine.com\/es\/portfolio-item\/maquina-de-helado-cuchara-agrupacion\/\" title='M\u00e1quina de helado Cuchara Agrupaci\u00f3n'  data-rel='grid-1' class='grid-image avia-hover-fx'> <img decoding=\"async\" fetchpriority=\"high\" width=\"495\" height=\"400\" src=\"https:\/\/www.woodstickmachine.com\/wp-content\/uploads\/2015\/12\/Ice-Cream-Spoon-Bundling-Machine-495x400.jpg?v=1712027392\" class=\"wp-image-459 avia-img-lazy-loading-not-459 attachment-portfolio size-portfolio wp-post-image\" alt=\"Ice-Cream-Spoon-Bundling-Machine\" \/><\/a><div class='grid-content'><div class='avia-arrow'><\/div><header class=\"entry-content-header\" aria-label=\"Portfolio: M\u00e1quina de helado Cuchara Agrupaci\u00f3n\"><h3 class='grid-entry-title entry-title '  itemprop=\"headline\" ><a href='https:\/\/www.woodstickmachine.com\/es\/portfolio-item\/maquina-de-helado-cuchara-agrupacion\/' title='M\u00e1quina de helado Cuchara Agrupaci\u00f3n'>M\u00e1quina de helado Cuchara Agrupaci\u00f3n<\/a><\/h3><\/header><\/div><footer class=\"entry-footer\"><\/footer><\/article><\/div><div data-ajax-id='954' class=' grid-entry flex_column isotope-item all_sort no_margin post-entry post-entry-954 grid-entry-overview grid-loop-2 grid-parity-even  post-entry-last  cuchara-del-helado-que-hace-la-maquina_sort productos-populares-es_sort  av_one_third  default_av_fullwidth '><article class='main_color inner-entry'  itemscope=\"itemscope\" itemtype=\"https:\/\/schema.org\/CreativeWork\" ><a href=\"https:\/\/www.woodstickmachine.com\/es\/portfolio-item\/helado-cuchara-biselado-maquina\/\" title='Helado Cuchara Biselado M\u00e1quina'  data-rel='grid-1' class='grid-image avia-hover-fx'> <img decoding=\"async\" fetchpriority=\"high\" width=\"495\" height=\"400\" src=\"https:\/\/www.woodstickmachine.com\/wp-content\/uploads\/2015\/12\/Ice-Cream-Spoon-Chamfering-Machine-495x400.jpg?v=1712027395\" class=\"wp-image-457 avia-img-lazy-loading-not-457 attachment-portfolio size-portfolio wp-post-image\" alt=\"Ice-Cream-Spoon-Chamfering-Machine\" \/><\/a><div class='grid-content'><div class='avia-arrow'><\/div><header class=\"entry-content-header\" aria-label=\"Portfolio: Helado Cuchara Biselado M\u00e1quina\"><h3 class='grid-entry-title entry-title '  itemprop=\"headline\" ><a href='https:\/\/www.woodstickmachine.com\/es\/portfolio-item\/helado-cuchara-biselado-maquina\/' title='Helado Cuchara Biselado M\u00e1quina'>Helado Cuchara Biselado M\u00e1quina<\/a><\/h3><\/header><\/div><footer class=\"entry-footer\"><\/footer><\/article><\/div><\/div><\/div>   <!--   class=\"av-portfolio-grid-sorting-container\"  --><\/div>\n","protected":false},"excerpt":{"rendered":"","protected":false},"author":2,"featured_media":0,"parent":731,"menu_order":0,"comment_status":"closed","ping_status":"closed","template":"","meta":{"footnotes":""},"class_list":["post-584","page","type-page","status-publish","hentry"],"aioseo_notices":[],"_links":{"self":[{"href":"https:\/\/www.woodstickmachine.com\/es\/wp-json\/wp\/v2\/pages\/584","targetHints":{"allow":["GET"]}}],"collection":[{"href":"https:\/\/www.woodstickmachine.com\/es\/wp-json\/wp\/v2\/pages"}],"about":[{"href":"https:\/\/www.woodstickmachine.com\/es\/wp-json\/wp\/v2\/types\/page"}],"author":[{"embeddable":true,"href":"https:\/\/www.woodstickmachine.com\/es\/wp-json\/wp\/v2\/users\/2"}],"replies":[{"embeddable":true,"href":"https:\/\/www.woodstickmachine.com\/es\/wp-json\/wp\/v2\/comments?post=584"}],"version-history":[{"count":0,"href":"https:\/\/www.woodstickmachine.com\/es\/wp-json\/wp\/v2\/pages\/584\/revisions"}],"up":[{"embeddable":true,"href":"https:\/\/www.woodstickmachine.com\/es\/wp-json\/wp\/v2\/pages\/731"}],"wp:attachment":[{"href":"https:\/\/www.woodstickmachine.com\/es\/wp-json\/wp\/v2\/media?parent=584"}],"curies":[{"name":"wp","href":"https:\/\/api.w.org\/{rel}","templated":true}]}}